{"id":959,"date":"2025-12-27T12:03:59","date_gmt":"2025-12-27T12:03:59","guid":{"rendered":"https:\/\/bakuchem.az\/?page_id=959"},"modified":"2026-01-09T10:32:10","modified_gmt":"2026-01-09T10:32:10","slug":"industrial-solvents","status":"publish","type":"page","link":"https:\/\/bakuchem.az\/az\/industrial-solvents\/","title":{"rendered":"S\u0259naye v\u0259 H\u0259lledicil\u0259r"},"content":{"rendered":"<div data-elementor-type=\"wp-page\" data-elementor-id=\"959\" class=\"elementor elementor-959\">\n\t\t\t\t<div class=\"elementor-element elementor-element-31d1687e e-flex e-con-boxed wpr-particle-no wpr-jarallax-no wpr-parallax-no wpr-sticky-section-no e-con e-parent\" data-id=\"31d1687e\" data-element_type=\"container\" data-settings=\"{&quot;background_background&quot;:&quot;gradient&quot;}\">\n\t\t\t\t\t<div class=\"e-con-inner\">\n\t\t\t\t\t<\/div>\n\t\t\t\t<\/div>\n\t\t<div class=\"elementor-element elementor-element-cf558bd e-flex e-con-boxed wpr-particle-no wpr-jarallax-no wpr-parallax-no wpr-sticky-section-no e-con e-parent\" data-id=\"cf558bd\" data-element_type=\"container\">\n\t\t\t\t\t<div class=\"e-con-inner\">\n\t\t\t\t<div class=\"elementor-element elementor-element-3a4c50c elementor-widget elementor-widget-page-title\" data-id=\"3a4c50c\" data-element_type=\"widget\" data-settings=\"{&quot;align&quot;:&quot;center&quot;}\" data-widget_type=\"page-title.default\">\n\t\t\t\t<div class=\"elementor-widget-container\">\n\t\t\t\t\t\t\t\n\t\t<div class=\"hfe-page-title hfe-page-title-wrapper elementor-widget-heading\">\n\n\t\t\t\t\t\t\t\t\t\t\t<a href=\"https:\/\/bakuchem.az\/az\">\n\t\t\t\t\t\t<h2 class=\"elementor-heading-title elementor-size-default\">\n\t\t\t\t\t\t\t\t\n\t\t\t\tS\u0259naye v\u0259 H\u0259lledicil\u0259r  \n\t\t\t<\/h2> \n\t\t\t\t\t\t\t\t\t<\/a>\n\t\t\t\t\t<\/div>\n\t\t\t\t\t\t<\/div>\n\t\t\t\t<\/div>\n\t\t<div class=\"elementor-element elementor-element-cc2e2c7 e-con-full e-flex wpr-particle-no wpr-jarallax-no wpr-parallax-no wpr-sticky-section-no e-con e-child\" data-id=\"cc2e2c7\" data-element_type=\"container\">\n\t\t<div class=\"elementor-element elementor-element-0682f7e e-con-full e-flex wpr-particle-no wpr-jarallax-no wpr-parallax-no wpr-sticky-section-no e-con e-child\" data-id=\"0682f7e\" data-element_type=\"container\">\n\t\t\t\t<div class=\"elementor-element elementor-element-f99488e elementor-position-top elementor-invisible elementor-widget elementor-widget-image-box\" data-id=\"f99488e\" data-element_type=\"widget\" data-settings=\"{&quot;_animation&quot;:&quot;fadeInUp&quot;}\" data-widget_type=\"image-box.default\">\n\t\t\t\t\t<div class=\"elementor-image-box-wrapper\"><figure class=\"elementor-image-box-img\"><a href=\"https:\/\/bakuchem.az\/az\/isopropyl-alcohol\/\" tabindex=\"-1\"><img fetchpriority=\"high\" decoding=\"async\" width=\"1024\" height=\"1024\" src=\"https:\/\/bakuchem.az\/wp-content\/uploads\/2025\/12\/e9e9d0206169b322ebd5d47850db727e1ba9c335.webp\" class=\"attachment-full size-full wp-image-41\" alt=\"\" srcset=\"https:\/\/bakuchem.az\/wp-content\/uploads\/2025\/12\/e9e9d0206169b322ebd5d47850db727e1ba9c335.webp 1024w, https:\/\/bakuchem.az\/wp-content\/uploads\/2025\/12\/e9e9d0206169b322ebd5d47850db727e1ba9c335-300x300.webp 300w, https:\/\/bakuchem.az\/wp-content\/uploads\/2025\/12\/e9e9d0206169b322ebd5d47850db727e1ba9c335-150x150.webp 150w, https:\/\/bakuchem.az\/wp-content\/uploads\/2025\/12\/e9e9d0206169b322ebd5d47850db727e1ba9c335-768x768.webp 768w\" sizes=\"(max-width: 1024px) 100vw, 1024px\" \/><\/a><\/figure><div class=\"elementor-image-box-content\"><h3 class=\"elementor-image-box-title\"><a href=\"https:\/\/bakuchem.az\/az\/isopropyl-alcohol\/\">\u0130zopropil spirti<\/a><\/h3><\/div><\/div>\t\t\t\t<\/div>\n\t\t\t\t<\/div>\n\t\t<div class=\"elementor-element elementor-element-f84290f e-con-full e-flex wpr-particle-no wpr-jarallax-no wpr-parallax-no wpr-sticky-section-no e-con e-child\" data-id=\"f84290f\" data-element_type=\"container\">\n\t\t\t\t<div class=\"elementor-element elementor-element-7da81c6 elementor-position-top elementor-invisible elementor-widget elementor-widget-image-box\" data-id=\"7da81c6\" data-element_type=\"widget\" data-settings=\"{&quot;_animation&quot;:&quot;fadeInUp&quot;}\" data-widget_type=\"image-box.default\">\n\t\t\t\t\t<div class=\"elementor-image-box-wrapper\"><figure class=\"elementor-image-box-img\"><a href=\"https:\/\/bakuchem.az\/az\/dichloroethane\/\" tabindex=\"-1\"><img fetchpriority=\"high\" decoding=\"async\" width=\"1024\" height=\"1024\" src=\"https:\/\/bakuchem.az\/wp-content\/uploads\/2025\/12\/e9e9d0206169b322ebd5d47850db727e1ba9c335.webp\" class=\"attachment-full size-full wp-image-41\" alt=\"\" srcset=\"https:\/\/bakuchem.az\/wp-content\/uploads\/2025\/12\/e9e9d0206169b322ebd5d47850db727e1ba9c335.webp 1024w, https:\/\/bakuchem.az\/wp-content\/uploads\/2025\/12\/e9e9d0206169b322ebd5d47850db727e1ba9c335-300x300.webp 300w, https:\/\/bakuchem.az\/wp-content\/uploads\/2025\/12\/e9e9d0206169b322ebd5d47850db727e1ba9c335-150x150.webp 150w, https:\/\/bakuchem.az\/wp-content\/uploads\/2025\/12\/e9e9d0206169b322ebd5d47850db727e1ba9c335-768x768.webp 768w\" sizes=\"(max-width: 1024px) 100vw, 1024px\" \/><\/a><\/figure><div class=\"elementor-image-box-content\"><h3 class=\"elementor-image-box-title\"><a href=\"https:\/\/bakuchem.az\/az\/dichloroethane\/\">Dixloretan<\/a><\/h3><\/div><\/div>\t\t\t\t<\/div>\n\t\t\t\t<\/div>\n\t\t<div class=\"elementor-element elementor-element-133dbe7 e-con-full e-flex wpr-particle-no wpr-jarallax-no wpr-parallax-no wpr-sticky-section-no e-con e-child\" data-id=\"133dbe7\" data-element_type=\"container\">\n\t\t\t\t<div class=\"elementor-element elementor-element-2880903 elementor-position-top elementor-invisible elementor-widget elementor-widget-image-box\" data-id=\"2880903\" data-element_type=\"widget\" data-settings=\"{&quot;_animation&quot;:&quot;fadeInUp&quot;}\" data-widget_type=\"image-box.default\">\n\t\t\t\t\t<div class=\"elementor-image-box-wrapper\"><figure class=\"elementor-image-box-img\"><a href=\"https:\/\/bakuchem.az\/az\/trichloroethylene\/\" tabindex=\"-1\"><img fetchpriority=\"high\" decoding=\"async\" width=\"1024\" height=\"1024\" src=\"https:\/\/bakuchem.az\/wp-content\/uploads\/2025\/12\/e9e9d0206169b322ebd5d47850db727e1ba9c335.webp\" class=\"attachment-full size-full wp-image-41\" alt=\"\" srcset=\"https:\/\/bakuchem.az\/wp-content\/uploads\/2025\/12\/e9e9d0206169b322ebd5d47850db727e1ba9c335.webp 1024w, https:\/\/bakuchem.az\/wp-content\/uploads\/2025\/12\/e9e9d0206169b322ebd5d47850db727e1ba9c335-300x300.webp 300w, https:\/\/bakuchem.az\/wp-content\/uploads\/2025\/12\/e9e9d0206169b322ebd5d47850db727e1ba9c335-150x150.webp 150w, https:\/\/bakuchem.az\/wp-content\/uploads\/2025\/12\/e9e9d0206169b322ebd5d47850db727e1ba9c335-768x768.webp 768w\" sizes=\"(max-width: 1024px) 100vw, 1024px\" \/><\/a><\/figure><div class=\"elementor-image-box-content\"><h3 class=\"elementor-image-box-title\"><a href=\"https:\/\/bakuchem.az\/az\/trichloroethylene\/\">Trixloretilen<\/a><\/h3><\/div><\/div>\t\t\t\t<\/div>\n\t\t\t\t<\/div>\n\t\t<div class=\"elementor-element elementor-element-9d779eb e-con-full e-flex wpr-particle-no wpr-jarallax-no wpr-parallax-no wpr-sticky-section-no e-con e-child\" data-id=\"9d779eb\" data-element_type=\"container\">\n\t\t\t\t<div class=\"elementor-element elementor-element-cb10899 elementor-position-top elementor-invisible elementor-widget elementor-widget-image-box\" data-id=\"cb10899\" data-element_type=\"widget\" data-settings=\"{&quot;_animation&quot;:&quot;fadeInUp&quot;}\" data-widget_type=\"image-box.default\">\n\t\t\t\t\t<div class=\"elementor-image-box-wrapper\"><figure class=\"elementor-image-box-img\"><a href=\"https:\/\/bakuchem.az\/az\/sodium-carbonate\/\" tabindex=\"-1\"><img decoding=\"async\" width=\"500\" height=\"500\" src=\"https:\/\/bakuchem.az\/wp-content\/uploads\/2025\/12\/1a36dd6f55fe93ccd167ca5481dfc825f5c66551.webp\" class=\"attachment-full size-full wp-image-44\" alt=\"\" srcset=\"https:\/\/bakuchem.az\/wp-content\/uploads\/2025\/12\/1a36dd6f55fe93ccd167ca5481dfc825f5c66551.webp 500w, https:\/\/bakuchem.az\/wp-content\/uploads\/2025\/12\/1a36dd6f55fe93ccd167ca5481dfc825f5c66551-300x300.webp 300w, https:\/\/bakuchem.az\/wp-content\/uploads\/2025\/12\/1a36dd6f55fe93ccd167ca5481dfc825f5c66551-150x150.webp 150w\" sizes=\"(max-width: 500px) 100vw, 500px\" \/><\/a><\/figure><div class=\"elementor-image-box-content\"><h3 class=\"elementor-image-box-title\"><a href=\"https:\/\/bakuchem.az\/az\/sodium-carbonate\/\">Natrium karbonat<\/a><\/h3><\/div><\/div>\t\t\t\t<\/div>\n\t\t\t\t<\/div>\n\t\t\t\t<\/div>\n\t\t<div class=\"elementor-element elementor-element-c679bdf e-con-full e-flex wpr-particle-no wpr-jarallax-no wpr-parallax-no wpr-sticky-section-no e-con e-child\" data-id=\"c679bdf\" data-element_type=\"container\">\n\t\t<div class=\"elementor-element elementor-element-5ebf8e7 e-con-full e-flex wpr-particle-no wpr-jarallax-no wpr-parallax-no wpr-sticky-section-no e-con e-child\" data-id=\"5ebf8e7\" data-element_type=\"container\">\n\t\t\t\t<div class=\"elementor-element elementor-element-52c4cae elementor-position-top elementor-invisible elementor-widget elementor-widget-image-box\" data-id=\"52c4cae\" data-element_type=\"widget\" data-settings=\"{&quot;_animation&quot;:&quot;fadeInUp&quot;}\" data-widget_type=\"image-box.default\">\n\t\t\t\t\t<div class=\"elementor-image-box-wrapper\"><figure class=\"elementor-image-box-img\"><a href=\"https:\/\/bakuchem.az\/az\/caustic-soda\/\" tabindex=\"-1\"><img decoding=\"async\" width=\"500\" height=\"500\" src=\"https:\/\/bakuchem.az\/wp-content\/uploads\/2025\/12\/1a36dd6f55fe93ccd167ca5481dfc825f5c66551.webp\" class=\"attachment-full size-full wp-image-44\" alt=\"\" srcset=\"https:\/\/bakuchem.az\/wp-content\/uploads\/2025\/12\/1a36dd6f55fe93ccd167ca5481dfc825f5c66551.webp 500w, https:\/\/bakuchem.az\/wp-content\/uploads\/2025\/12\/1a36dd6f55fe93ccd167ca5481dfc825f5c66551-300x300.webp 300w, https:\/\/bakuchem.az\/wp-content\/uploads\/2025\/12\/1a36dd6f55fe93ccd167ca5481dfc825f5c66551-150x150.webp 150w\" sizes=\"(max-width: 500px) 100vw, 500px\" \/><\/a><\/figure><div class=\"elementor-image-box-content\"><h3 class=\"elementor-image-box-title\"><a href=\"https:\/\/bakuchem.az\/az\/caustic-soda\/\">Caustic Soda<\/a><\/h3><\/div><\/div>\t\t\t\t<\/div>\n\t\t\t\t<\/div>\n\t\t<div class=\"elementor-element elementor-element-039bc02 e-con-full e-flex wpr-particle-no wpr-jarallax-no wpr-parallax-no wpr-sticky-section-no e-con e-child\" data-id=\"039bc02\" data-element_type=\"container\">\n\t\t\t\t<div class=\"elementor-element elementor-element-a9553df elementor-position-top elementor-invisible elementor-widget elementor-widget-image-box\" data-id=\"a9553df\" data-element_type=\"widget\" data-settings=\"{&quot;_animation&quot;:&quot;fadeInUp&quot;}\" data-widget_type=\"image-box.default\">\n\t\t\t\t\t<div class=\"elementor-image-box-wrapper\"><figure class=\"elementor-image-box-img\"><a href=\"https:\/\/bakuchem.az\/az\/sulfuric-acid\/\" tabindex=\"-1\"><img fetchpriority=\"high\" decoding=\"async\" width=\"1024\" height=\"1024\" src=\"https:\/\/bakuchem.az\/wp-content\/uploads\/2025\/12\/e9e9d0206169b322ebd5d47850db727e1ba9c335.webp\" class=\"attachment-full size-full wp-image-41\" alt=\"\" srcset=\"https:\/\/bakuchem.az\/wp-content\/uploads\/2025\/12\/e9e9d0206169b322ebd5d47850db727e1ba9c335.webp 1024w, https:\/\/bakuchem.az\/wp-content\/uploads\/2025\/12\/e9e9d0206169b322ebd5d47850db727e1ba9c335-300x300.webp 300w, https:\/\/bakuchem.az\/wp-content\/uploads\/2025\/12\/e9e9d0206169b322ebd5d47850db727e1ba9c335-150x150.webp 150w, https:\/\/bakuchem.az\/wp-content\/uploads\/2025\/12\/e9e9d0206169b322ebd5d47850db727e1ba9c335-768x768.webp 768w\" sizes=\"(max-width: 1024px) 100vw, 1024px\" \/><\/a><\/figure><div class=\"elementor-image-box-content\"><h3 class=\"elementor-image-box-title\"><a href=\"https:\/\/bakuchem.az\/az\/sulfuric-acid\/\">K\u00fck\u00fcrd tur\u015fusu<\/a><\/h3><\/div><\/div>\t\t\t\t<\/div>\n\t\t\t\t<\/div>\n\t\t<div class=\"elementor-element elementor-element-24bc169 e-con-full e-flex wpr-particle-no wpr-jarallax-no wpr-parallax-no wpr-sticky-section-no e-con e-child\" data-id=\"24bc169\" data-element_type=\"container\">\n\t\t\t\t<\/div>\n\t\t<div class=\"elementor-element elementor-element-78e0d9c e-con-full e-flex wpr-particle-no wpr-jarallax-no wpr-parallax-no wpr-sticky-section-no e-con e-child\" data-id=\"78e0d9c\" data-element_type=\"container\">\n\t\t\t\t<\/div>\n\t\t\t\t<\/div>\n\t\t\t\t\t<\/div>\n\t\t\t\t<\/div>\n\t\t\t\t<\/div>","protected":false},"excerpt":{"rendered":"<p>Industrial &#038; Solvents Isopropyl Alcohol Dichloroethane Trichloroethylene Sodium Carbonate Caustic Soda Sulfuric Acid<\/p>","protected":false},"author":1,"featured_media":0,"parent":0,"menu_order":0,"comment_status":"closed","ping_status":"closed","template":"","meta":{"site-sidebar-layout":"no-sidebar","site-content-layout":"","ast-site-content-layout":"full-width-container","site-content-style":"default","site-sidebar-style":"default","ast-global-header-display":"","ast-banner-title-visibility":"","ast-main-header-display":"","ast-hfb-above-header-display":"","ast-hfb-below-header-display":"","ast-hfb-mobile-header-display":"","site-post-title":"disabled","ast-breadcrumbs-content":"","ast-featured-img":"disabled","footer-sml-layout":"","ast-disable-related-posts":"","theme-transparent-header-meta":"default","adv-header-id-meta":"","stick-header-meta":"","header-above-stick-meta":"","header-main-stick-meta":"","header-below-stick-meta":"","astra-migrate-meta-layouts":"set","ast-page-background-enabled":"default","ast-page-background-meta":{"desktop":{"background-color":"var(--ast-global-color-5)","background-image":"","background-repeat":"repeat","background-position":"center center","background-size":"auto","background-attachment":"scroll","background-type":"","background-media":"","overlay-type":"","overlay-color":"","overlay-opacity":"","overlay-gradient":""},"tablet":{"background-color":"","background-image":"","background-repeat":"repeat","background-position":"center center","background-size":"auto","background-attachment":"scroll","background-type":"","background-media":"","overlay-type":"","overlay-color":"","overlay-opacity":"","overlay-gradient":""},"mobile":{"background-color":"","background-image":"","background-repeat":"repeat","background-position":"center center","background-size":"auto","background-attachment":"scroll","background-type":"","background-media":"","overlay-type":"","overlay-color":"","overlay-opacity":"","overlay-gradient":""}},"ast-content-background-meta":{"desktop":{"background-color":"var(--ast-global-color-4)","background-image":"","background-repeat":"repeat","background-position":"center center","background-size":"auto","background-attachment":"scroll","background-type":"","background-media":"","overlay-type":"","overlay-color":"","overlay-opacity":"","overlay-gradient":""},"tablet":{"background-color":"var(--ast-global-color-4)","background-image":"","background-repeat":"repeat","background-position":"center center","background-size":"auto","background-attachment":"scroll","background-type":"","background-media":"","overlay-type":"","overlay-color":"","overlay-opacity":"","overlay-gradient":""},"mobile":{"background-color":"var(--ast-global-color-4)","background-image":"","background-repeat":"repeat","background-position":"center center","background-size":"auto","background-attachment":"scroll","background-type":"","background-media":"","overlay-type":"","overlay-color":"","overlay-opacity":"","overlay-gradient":""}},"footnotes":""},"class_list":["post-959","page","type-page","status-publish","hentry"],"_links":{"self":[{"href":"https:\/\/bakuchem.az\/az\/wp-json\/wp\/v2\/pages\/959","targetHints":{"allow":["GET"]}}],"collection":[{"href":"https:\/\/bakuchem.az\/az\/wp-json\/wp\/v2\/pages"}],"about":[{"href":"https:\/\/bakuchem.az\/az\/wp-json\/wp\/v2\/types\/page"}],"author":[{"embeddable":true,"href":"https:\/\/bakuchem.az\/az\/wp-json\/wp\/v2\/users\/1"}],"replies":[{"embeddable":true,"href":"https:\/\/bakuchem.az\/az\/wp-json\/wp\/v2\/comments?post=959"}],"version-history":[{"count":10,"href":"https:\/\/bakuchem.az\/az\/wp-json\/wp\/v2\/pages\/959\/revisions"}],"predecessor-version":[{"id":1171,"href":"https:\/\/bakuchem.az\/az\/wp-json\/wp\/v2\/pages\/959\/revisions\/1171"}],"wp:attachment":[{"href":"https:\/\/bakuchem.az\/az\/wp-json\/wp\/v2\/media?parent=959"}],"curies":[{"name":"wp","href":"https:\/\/api.w.org\/{rel}","templated":true}]}}