{"id":955,"date":"2025-12-27T12:02:44","date_gmt":"2025-12-27T12:02:44","guid":{"rendered":"https:\/\/bakuchem.az\/?page_id=955"},"modified":"2026-01-09T10:31:36","modified_gmt":"2026-01-09T10:31:36","slug":"water-treatment-chemicals","status":"publish","type":"page","link":"https:\/\/bakuchem.az\/az\/water-treatment-chemicals\/","title":{"rendered":"Su T\u0259mizl\u0259yici Kimy\u0259vi Madd\u0259l\u0259r"},"content":{"rendered":"<div data-elementor-type=\"wp-page\" data-elementor-id=\"955\" class=\"elementor elementor-955\">\n\t\t\t\t<div class=\"elementor-element elementor-element-2e2dcf59 e-flex e-con-boxed wpr-particle-no wpr-jarallax-no wpr-parallax-no wpr-sticky-section-no e-con e-parent\" data-id=\"2e2dcf59\" data-element_type=\"container\" data-settings=\"{&quot;background_background&quot;:&quot;gradient&quot;}\">\n\t\t\t\t\t<div class=\"e-con-inner\">\n\t\t\t\t\t<\/div>\n\t\t\t\t<\/div>\n\t\t<div class=\"elementor-element elementor-element-2a15496 e-flex e-con-boxed wpr-particle-no wpr-jarallax-no wpr-parallax-no wpr-sticky-section-no e-con e-parent\" data-id=\"2a15496\" data-element_type=\"container\">\n\t\t\t\t\t<div class=\"e-con-inner\">\n\t\t\t\t<div class=\"elementor-element elementor-element-71d7d36 elementor-widget elementor-widget-page-title\" data-id=\"71d7d36\" data-element_type=\"widget\" data-settings=\"{&quot;align&quot;:&quot;center&quot;}\" data-widget_type=\"page-title.default\">\n\t\t\t\t<div class=\"elementor-widget-container\">\n\t\t\t\t\t\t\t\n\t\t<div class=\"hfe-page-title hfe-page-title-wrapper elementor-widget-heading\">\n\n\t\t\t\t\t\t\t\t\t\t\t<a href=\"https:\/\/bakuchem.az\/az\">\n\t\t\t\t\t\t<h2 class=\"elementor-heading-title elementor-size-default\">\n\t\t\t\t\t\t\t\t\n\t\t\t\tSu T\u0259mizl\u0259yici Kimy\u0259vi Madd\u0259l\u0259r  \n\t\t\t<\/h2> \n\t\t\t\t\t\t\t\t\t<\/a>\n\t\t\t\t\t<\/div>\n\t\t\t\t\t\t<\/div>\n\t\t\t\t<\/div>\n\t\t<div class=\"elementor-element elementor-element-45dd023 e-con-full e-flex wpr-particle-no wpr-jarallax-no wpr-parallax-no wpr-sticky-section-no e-con e-child\" data-id=\"45dd023\" data-element_type=\"container\">\n\t\t<div class=\"elementor-element elementor-element-cc9dd1f e-con-full e-flex wpr-particle-no wpr-jarallax-no wpr-parallax-no wpr-sticky-section-no e-con e-child\" data-id=\"cc9dd1f\" data-element_type=\"container\">\n\t\t\t\t<div class=\"elementor-element elementor-element-7157ffd elementor-position-top elementor-invisible elementor-widget elementor-widget-image-box\" data-id=\"7157ffd\" data-element_type=\"widget\" data-settings=\"{&quot;_animation&quot;:&quot;fadeInUp&quot;}\" data-widget_type=\"image-box.default\">\n\t\t\t\t\t<div class=\"elementor-image-box-wrapper\"><figure class=\"elementor-image-box-img\"><a href=\"https:\/\/bakuchem.az\/az\/calcium-chloride\/\" tabindex=\"-1\"><img fetchpriority=\"high\" decoding=\"async\" width=\"1024\" height=\"1024\" src=\"https:\/\/bakuchem.az\/wp-content\/uploads\/2025\/12\/133d4b3e5fa7de594177f80ccc9096383d02c04e.webp\" class=\"attachment-full size-full wp-image-42\" alt=\"\" srcset=\"https:\/\/bakuchem.az\/wp-content\/uploads\/2025\/12\/133d4b3e5fa7de594177f80ccc9096383d02c04e.webp 1024w, https:\/\/bakuchem.az\/wp-content\/uploads\/2025\/12\/133d4b3e5fa7de594177f80ccc9096383d02c04e-300x300.webp 300w, https:\/\/bakuchem.az\/wp-content\/uploads\/2025\/12\/133d4b3e5fa7de594177f80ccc9096383d02c04e-150x150.webp 150w, https:\/\/bakuchem.az\/wp-content\/uploads\/2025\/12\/133d4b3e5fa7de594177f80ccc9096383d02c04e-768x768.webp 768w\" sizes=\"(max-width: 1024px) 100vw, 1024px\" \/><\/a><\/figure><div class=\"elementor-image-box-content\"><h3 class=\"elementor-image-box-title\"><a href=\"https:\/\/bakuchem.az\/az\/calcium-chloride\/\">Kalsium xlorid<\/a><\/h3><\/div><\/div>\t\t\t\t<\/div>\n\t\t\t\t<\/div>\n\t\t<div class=\"elementor-element elementor-element-d65376a e-con-full e-flex wpr-particle-no wpr-jarallax-no wpr-parallax-no wpr-sticky-section-no e-con e-child\" data-id=\"d65376a\" data-element_type=\"container\">\n\t\t\t\t<div class=\"elementor-element elementor-element-ff22e74 elementor-position-top elementor-invisible elementor-widget elementor-widget-image-box\" data-id=\"ff22e74\" data-element_type=\"widget\" data-settings=\"{&quot;_animation&quot;:&quot;fadeInUp&quot;}\" data-widget_type=\"image-box.default\">\n\t\t\t\t\t<div class=\"elementor-image-box-wrapper\"><figure class=\"elementor-image-box-img\"><a href=\"https:\/\/bakuchem.az\/az\/caustic-soda\/\" tabindex=\"-1\"><img decoding=\"async\" width=\"500\" height=\"500\" src=\"https:\/\/bakuchem.az\/wp-content\/uploads\/2025\/12\/1a36dd6f55fe93ccd167ca5481dfc825f5c66551.webp\" class=\"attachment-full size-full wp-image-44\" alt=\"\" srcset=\"https:\/\/bakuchem.az\/wp-content\/uploads\/2025\/12\/1a36dd6f55fe93ccd167ca5481dfc825f5c66551.webp 500w, https:\/\/bakuchem.az\/wp-content\/uploads\/2025\/12\/1a36dd6f55fe93ccd167ca5481dfc825f5c66551-300x300.webp 300w, https:\/\/bakuchem.az\/wp-content\/uploads\/2025\/12\/1a36dd6f55fe93ccd167ca5481dfc825f5c66551-150x150.webp 150w\" sizes=\"(max-width: 500px) 100vw, 500px\" \/><\/a><\/figure><div class=\"elementor-image-box-content\"><h3 class=\"elementor-image-box-title\"><a href=\"https:\/\/bakuchem.az\/az\/caustic-soda\/\">Caustic Soda<\/a><\/h3><\/div><\/div>\t\t\t\t<\/div>\n\t\t\t\t<\/div>\n\t\t<div class=\"elementor-element elementor-element-28557f1 e-con-full e-flex wpr-particle-no wpr-jarallax-no wpr-parallax-no wpr-sticky-section-no e-con e-child\" data-id=\"28557f1\" data-element_type=\"container\">\n\t\t\t\t<div class=\"elementor-element elementor-element-6c57a52 elementor-position-top elementor-invisible elementor-widget elementor-widget-image-box\" data-id=\"6c57a52\" data-element_type=\"widget\" data-settings=\"{&quot;_animation&quot;:&quot;fadeInUp&quot;}\" data-widget_type=\"image-box.default\">\n\t\t\t\t\t<div class=\"elementor-image-box-wrapper\"><figure class=\"elementor-image-box-img\"><a href=\"https:\/\/bakuchem.az\/az\/ferrous-sulfate\/\" tabindex=\"-1\"><img decoding=\"async\" width=\"1024\" height=\"1024\" src=\"https:\/\/bakuchem.az\/wp-content\/uploads\/2025\/12\/ae5c75524d7ef714a25b4a0b563987669920332a.webp\" class=\"attachment-full size-full wp-image-40\" alt=\"\" srcset=\"https:\/\/bakuchem.az\/wp-content\/uploads\/2025\/12\/ae5c75524d7ef714a25b4a0b563987669920332a.webp 1024w, https:\/\/bakuchem.az\/wp-content\/uploads\/2025\/12\/ae5c75524d7ef714a25b4a0b563987669920332a-300x300.webp 300w, https:\/\/bakuchem.az\/wp-content\/uploads\/2025\/12\/ae5c75524d7ef714a25b4a0b563987669920332a-150x150.webp 150w, https:\/\/bakuchem.az\/wp-content\/uploads\/2025\/12\/ae5c75524d7ef714a25b4a0b563987669920332a-768x768.webp 768w\" sizes=\"(max-width: 1024px) 100vw, 1024px\" \/><\/a><\/figure><div class=\"elementor-image-box-content\"><h3 class=\"elementor-image-box-title\"><a href=\"https:\/\/bakuchem.az\/az\/ferrous-sulfate\/\">D\u0259mir sulfat<\/a><\/h3><\/div><\/div>\t\t\t\t<\/div>\n\t\t\t\t<\/div>\n\t\t<div class=\"elementor-element elementor-element-eed5347 e-con-full e-flex wpr-particle-no wpr-jarallax-no wpr-parallax-no wpr-sticky-section-no e-con e-child\" data-id=\"eed5347\" data-element_type=\"container\">\n\t\t\t\t<div class=\"elementor-element elementor-element-11ca0e0 elementor-position-top elementor-invisible elementor-widget elementor-widget-image-box\" data-id=\"11ca0e0\" data-element_type=\"widget\" data-settings=\"{&quot;_animation&quot;:&quot;fadeInUp&quot;}\" data-widget_type=\"image-box.default\">\n\t\t\t\t\t<div class=\"elementor-image-box-wrapper\"><figure class=\"elementor-image-box-img\"><a href=\"https:\/\/bakuchem.az\/az\/hydrochloric-acid\/\" tabindex=\"-1\"><img loading=\"lazy\" decoding=\"async\" width=\"1024\" height=\"1024\" src=\"https:\/\/bakuchem.az\/wp-content\/uploads\/2025\/12\/e9e9d0206169b322ebd5d47850db727e1ba9c335.webp\" class=\"attachment-full size-full wp-image-41\" alt=\"\" srcset=\"https:\/\/bakuchem.az\/wp-content\/uploads\/2025\/12\/e9e9d0206169b322ebd5d47850db727e1ba9c335.webp 1024w, https:\/\/bakuchem.az\/wp-content\/uploads\/2025\/12\/e9e9d0206169b322ebd5d47850db727e1ba9c335-300x300.webp 300w, https:\/\/bakuchem.az\/wp-content\/uploads\/2025\/12\/e9e9d0206169b322ebd5d47850db727e1ba9c335-150x150.webp 150w, https:\/\/bakuchem.az\/wp-content\/uploads\/2025\/12\/e9e9d0206169b322ebd5d47850db727e1ba9c335-768x768.webp 768w\" sizes=\"(max-width: 1024px) 100vw, 1024px\" \/><\/a><\/figure><div class=\"elementor-image-box-content\"><h3 class=\"elementor-image-box-title\"><a href=\"https:\/\/bakuchem.az\/az\/hydrochloric-acid\/\">Xlorid tur\u015fusu<\/a><\/h3><\/div><\/div>\t\t\t\t<\/div>\n\t\t\t\t<\/div>\n\t\t\t\t<\/div>\n\t\t<div class=\"elementor-element elementor-element-d3fc285 e-con-full e-flex wpr-particle-no wpr-jarallax-no wpr-parallax-no wpr-sticky-section-no e-con e-child\" data-id=\"d3fc285\" data-element_type=\"container\">\n\t\t<div class=\"elementor-element elementor-element-1fa5a7b e-con-full e-flex wpr-particle-no wpr-jarallax-no wpr-parallax-no wpr-sticky-section-no e-con e-child\" data-id=\"1fa5a7b\" data-element_type=\"container\">\n\t\t\t\t<div class=\"elementor-element elementor-element-c1c5ba8 elementor-position-top elementor-invisible elementor-widget elementor-widget-image-box\" data-id=\"c1c5ba8\" data-element_type=\"widget\" data-settings=\"{&quot;_animation&quot;:&quot;fadeInUp&quot;}\" data-widget_type=\"image-box.default\">\n\t\t\t\t\t<div class=\"elementor-image-box-wrapper\"><figure class=\"elementor-image-box-img\"><a href=\"https:\/\/bakuchem.az\/az\/sodium-carbonate\/\" tabindex=\"-1\"><img decoding=\"async\" width=\"500\" height=\"500\" src=\"https:\/\/bakuchem.az\/wp-content\/uploads\/2025\/12\/1a36dd6f55fe93ccd167ca5481dfc825f5c66551.webp\" class=\"attachment-full size-full wp-image-44\" alt=\"\" srcset=\"https:\/\/bakuchem.az\/wp-content\/uploads\/2025\/12\/1a36dd6f55fe93ccd167ca5481dfc825f5c66551.webp 500w, https:\/\/bakuchem.az\/wp-content\/uploads\/2025\/12\/1a36dd6f55fe93ccd167ca5481dfc825f5c66551-300x300.webp 300w, https:\/\/bakuchem.az\/wp-content\/uploads\/2025\/12\/1a36dd6f55fe93ccd167ca5481dfc825f5c66551-150x150.webp 150w\" sizes=\"(max-width: 500px) 100vw, 500px\" \/><\/a><\/figure><div class=\"elementor-image-box-content\"><h3 class=\"elementor-image-box-title\"><a href=\"https:\/\/bakuchem.az\/az\/sodium-carbonate\/\">Natrium karbonat<\/a><\/h3><\/div><\/div>\t\t\t\t<\/div>\n\t\t\t\t<\/div>\n\t\t<div class=\"elementor-element elementor-element-b7528ae e-con-full e-flex wpr-particle-no wpr-jarallax-no wpr-parallax-no wpr-sticky-section-no e-con e-child\" data-id=\"b7528ae\" data-element_type=\"container\">\n\t\t\t\t<div class=\"elementor-element elementor-element-d8eb364 elementor-position-top elementor-invisible elementor-widget elementor-widget-image-box\" data-id=\"d8eb364\" data-element_type=\"widget\" data-settings=\"{&quot;_animation&quot;:&quot;fadeInUp&quot;}\" data-widget_type=\"image-box.default\">\n\t\t\t\t\t<div class=\"elementor-image-box-wrapper\"><figure class=\"elementor-image-box-img\"><a href=\"https:\/\/bakuchem.az\/az\/sodium-chloride\/\" tabindex=\"-1\"><img loading=\"lazy\" decoding=\"async\" width=\"1024\" height=\"1024\" src=\"https:\/\/bakuchem.az\/wp-content\/uploads\/2025\/12\/0871e940ee779f3c2273b1c00764d8de3093f4b6.webp\" class=\"attachment-full size-full wp-image-720\" alt=\"\" srcset=\"https:\/\/bakuchem.az\/wp-content\/uploads\/2025\/12\/0871e940ee779f3c2273b1c00764d8de3093f4b6.webp 1024w, https:\/\/bakuchem.az\/wp-content\/uploads\/2025\/12\/0871e940ee779f3c2273b1c00764d8de3093f4b6-300x300.webp 300w, https:\/\/bakuchem.az\/wp-content\/uploads\/2025\/12\/0871e940ee779f3c2273b1c00764d8de3093f4b6-150x150.webp 150w, https:\/\/bakuchem.az\/wp-content\/uploads\/2025\/12\/0871e940ee779f3c2273b1c00764d8de3093f4b6-768x768.webp 768w\" sizes=\"(max-width: 1024px) 100vw, 1024px\" \/><\/a><\/figure><div class=\"elementor-image-box-content\"><h3 class=\"elementor-image-box-title\"><a href=\"https:\/\/bakuchem.az\/az\/sodium-chloride\/\">Natrium xlorid<\/a><\/h3><\/div><\/div>\t\t\t\t<\/div>\n\t\t\t\t<\/div>\n\t\t<div class=\"elementor-element elementor-element-9859469 e-con-full e-flex wpr-particle-no wpr-jarallax-no wpr-parallax-no wpr-sticky-section-no e-con e-child\" data-id=\"9859469\" data-element_type=\"container\">\n\t\t\t\t<div class=\"elementor-element elementor-element-6090ac1 elementor-position-top elementor-invisible elementor-widget elementor-widget-image-box\" data-id=\"6090ac1\" data-element_type=\"widget\" data-settings=\"{&quot;_animation&quot;:&quot;fadeInUp&quot;}\" data-widget_type=\"image-box.default\">\n\t\t\t\t\t<div class=\"elementor-image-box-wrapper\"><figure class=\"elementor-image-box-img\"><a href=\"https:\/\/bakuchem.az\/az\/sulfuric-acid\/\" tabindex=\"-1\"><img loading=\"lazy\" decoding=\"async\" width=\"1024\" height=\"1024\" src=\"https:\/\/bakuchem.az\/wp-content\/uploads\/2025\/12\/e9e9d0206169b322ebd5d47850db727e1ba9c335.webp\" class=\"attachment-full size-full wp-image-41\" alt=\"\" srcset=\"https:\/\/bakuchem.az\/wp-content\/uploads\/2025\/12\/e9e9d0206169b322ebd5d47850db727e1ba9c335.webp 1024w, https:\/\/bakuchem.az\/wp-content\/uploads\/2025\/12\/e9e9d0206169b322ebd5d47850db727e1ba9c335-300x300.webp 300w, https:\/\/bakuchem.az\/wp-content\/uploads\/2025\/12\/e9e9d0206169b322ebd5d47850db727e1ba9c335-150x150.webp 150w, https:\/\/bakuchem.az\/wp-content\/uploads\/2025\/12\/e9e9d0206169b322ebd5d47850db727e1ba9c335-768x768.webp 768w\" sizes=\"(max-width: 1024px) 100vw, 1024px\" \/><\/a><\/figure><div class=\"elementor-image-box-content\"><h3 class=\"elementor-image-box-title\"><a href=\"https:\/\/bakuchem.az\/az\/sulfuric-acid\/\">K\u00fck\u00fcrd tur\u015fusu<\/a><\/h3><\/div><\/div>\t\t\t\t<\/div>\n\t\t\t\t<\/div>\n\t\t<div class=\"elementor-element elementor-element-ff34f17 e-con-full e-flex wpr-particle-no wpr-jarallax-no wpr-parallax-no wpr-sticky-section-no e-con e-child\" data-id=\"ff34f17\" data-element_type=\"container\">\n\t\t\t\t<div class=\"elementor-element elementor-element-677d7bc elementor-position-top elementor-invisible elementor-widget elementor-widget-image-box\" data-id=\"677d7bc\" data-element_type=\"widget\" data-settings=\"{&quot;_animation&quot;:&quot;fadeInUp&quot;}\" data-widget_type=\"image-box.default\">\n\t\t\t\t\t<div class=\"elementor-image-box-wrapper\"><figure class=\"elementor-image-box-img\"><a href=\"https:\/\/bakuchem.az\/az\/sodium-silicate\/\" tabindex=\"-1\"><img loading=\"lazy\" decoding=\"async\" width=\"1024\" height=\"1024\" src=\"https:\/\/bakuchem.az\/wp-content\/uploads\/2025\/12\/e9e9d0206169b322ebd5d47850db727e1ba9c335.webp\" class=\"attachment-full size-full wp-image-41\" alt=\"\" srcset=\"https:\/\/bakuchem.az\/wp-content\/uploads\/2025\/12\/e9e9d0206169b322ebd5d47850db727e1ba9c335.webp 1024w, https:\/\/bakuchem.az\/wp-content\/uploads\/2025\/12\/e9e9d0206169b322ebd5d47850db727e1ba9c335-300x300.webp 300w, https:\/\/bakuchem.az\/wp-content\/uploads\/2025\/12\/e9e9d0206169b322ebd5d47850db727e1ba9c335-150x150.webp 150w, https:\/\/bakuchem.az\/wp-content\/uploads\/2025\/12\/e9e9d0206169b322ebd5d47850db727e1ba9c335-768x768.webp 768w\" sizes=\"(max-width: 1024px) 100vw, 1024px\" \/><\/a><\/figure><div class=\"elementor-image-box-content\"><h3 class=\"elementor-image-box-title\"><a href=\"https:\/\/bakuchem.az\/az\/sodium-silicate\/\">Natrium silikat<\/a><\/h3><\/div><\/div>\t\t\t\t<\/div>\n\t\t\t\t<\/div>\n\t\t\t\t<\/div>\n\t\t\t\t\t<\/div>\n\t\t\t\t<\/div>\n\t\t\t\t<\/div>","protected":false},"excerpt":{"rendered":"<p>Water Treatment Chemicals Calcium chloride Caustic Soda Ferrous sulfate Hydrochloric Acid Sodium Carbonate Sodium Chloride Sulfuric Acid Sodium Silicate<\/p>","protected":false},"author":1,"featured_media":0,"parent":0,"menu_order":0,"comment_status":"closed","ping_status":"closed","template":"","meta":{"site-sidebar-layout":"no-sidebar","site-content-layout":"","ast-site-content-layout":"full-width-container","site-content-style":"default","site-sidebar-style":"default","ast-global-header-display":"","ast-banner-title-visibility":"","ast-main-header-display":"","ast-hfb-above-header-display":"","ast-hfb-below-header-display":"","ast-hfb-mobile-header-display":"","site-post-title":"disabled","ast-breadcrumbs-content":"","ast-featured-img":"disabled","footer-sml-layout":"","ast-disable-related-posts":"","theme-transparent-header-meta":"default","adv-header-id-meta":"","stick-header-meta":"","header-above-stick-meta":"","header-main-stick-meta":"","header-below-stick-meta":"","astra-migrate-meta-layouts":"set","ast-page-background-enabled":"default","ast-page-background-meta":{"desktop":{"background-color":"var(--ast-global-color-5)","background-image":"","background-repeat":"repeat","background-position":"center center","background-size":"auto","background-attachment":"scroll","background-type":"","background-media":"","overlay-type":"","overlay-color":"","overlay-opacity":"","overlay-gradient":""},"tablet":{"background-color":"","background-image":"","background-repeat":"repeat","background-position":"center center","background-size":"auto","background-attachment":"scroll","background-type":"","background-media":"","overlay-type":"","overlay-color":"","overlay-opacity":"","overlay-gradient":""},"mobile":{"background-color":"","background-image":"","background-repeat":"repeat","background-position":"center center","background-size":"auto","background-attachment":"scroll","background-type":"","background-media":"","overlay-type":"","overlay-color":"","overlay-opacity":"","overlay-gradient":""}},"ast-content-background-meta":{"desktop":{"background-color":"var(--ast-global-color-4)","background-image":"","background-repeat":"repeat","background-position":"center center","background-size":"auto","background-attachment":"scroll","background-type":"","background-media":"","overlay-type":"","overlay-color":"","overlay-opacity":"","overlay-gradient":""},"tablet":{"background-color":"var(--ast-global-color-4)","background-image":"","background-repeat":"repeat","background-position":"center center","background-size":"auto","background-attachment":"scroll","background-type":"","background-media":"","overlay-type":"","overlay-color":"","overlay-opacity":"","overlay-gradient":""},"mobile":{"background-color":"var(--ast-global-color-4)","background-image":"","background-repeat":"repeat","background-position":"center center","background-size":"auto","background-attachment":"scroll","background-type":"","background-media":"","overlay-type":"","overlay-color":"","overlay-opacity":"","overlay-gradient":""}},"footnotes":""},"class_list":["post-955","page","type-page","status-publish","hentry"],"_links":{"self":[{"href":"https:\/\/bakuchem.az\/az\/wp-json\/wp\/v2\/pages\/955","targetHints":{"allow":["GET"]}}],"collection":[{"href":"https:\/\/bakuchem.az\/az\/wp-json\/wp\/v2\/pages"}],"about":[{"href":"https:\/\/bakuchem.az\/az\/wp-json\/wp\/v2\/types\/page"}],"author":[{"embeddable":true,"href":"https:\/\/bakuchem.az\/az\/wp-json\/wp\/v2\/users\/1"}],"replies":[{"embeddable":true,"href":"https:\/\/bakuchem.az\/az\/wp-json\/wp\/v2\/comments?post=955"}],"version-history":[{"count":13,"href":"https:\/\/bakuchem.az\/az\/wp-json\/wp\/v2\/pages\/955\/revisions"}],"predecessor-version":[{"id":1168,"href":"https:\/\/bakuchem.az\/az\/wp-json\/wp\/v2\/pages\/955\/revisions\/1168"}],"wp:attachment":[{"href":"https:\/\/bakuchem.az\/az\/wp-json\/wp\/v2\/media?parent=955"}],"curies":[{"name":"wp","href":"https:\/\/api.w.org\/{rel}","templated":true}]}}