{"id":941,"date":"2025-12-27T11:56:45","date_gmt":"2025-12-27T11:56:45","guid":{"rendered":"https:\/\/bakuchem.az\/?page_id=941"},"modified":"2026-01-09T10:35:02","modified_gmt":"2026-01-09T10:35:02","slug":"oil-and-gas-chemicals","status":"publish","type":"page","link":"https:\/\/bakuchem.az\/az\/oil-and-gas-chemicals\/","title":{"rendered":"Neft v\u0259 Qaz Kimy\u0259vi M\u0259hsullar\u0131"},"content":{"rendered":"<div data-elementor-type=\"wp-page\" data-elementor-id=\"941\" class=\"elementor elementor-941\">\n\t\t\t\t<div class=\"elementor-element elementor-element-c5aa33c e-flex e-con-boxed wpr-particle-no wpr-jarallax-no wpr-parallax-no wpr-sticky-section-no e-con e-parent\" data-id=\"c5aa33c\" data-element_type=\"container\" data-settings=\"{&quot;background_background&quot;:&quot;gradient&quot;}\">\n\t\t\t\t\t<div class=\"e-con-inner\">\n\t\t\t\t\t<\/div>\n\t\t\t\t<\/div>\n\t\t<div class=\"elementor-element elementor-element-373dbeb e-flex e-con-boxed wpr-particle-no wpr-jarallax-no wpr-parallax-no wpr-sticky-section-no e-con e-parent\" data-id=\"373dbeb\" data-element_type=\"container\">\n\t\t\t\t\t<div class=\"e-con-inner\">\n\t\t\t\t<div class=\"elementor-element elementor-element-16224a1 elementor-widget elementor-widget-page-title\" data-id=\"16224a1\" data-element_type=\"widget\" data-settings=\"{&quot;align&quot;:&quot;center&quot;}\" data-widget_type=\"page-title.default\">\n\t\t\t\t<div class=\"elementor-widget-container\">\n\t\t\t\t\t\t\t\n\t\t<div class=\"hfe-page-title hfe-page-title-wrapper elementor-widget-heading\">\n\n\t\t\t\t\t\t\t\t\t\t\t<a href=\"https:\/\/bakuchem.az\/az\">\n\t\t\t\t\t\t<h2 class=\"elementor-heading-title elementor-size-default\">\n\t\t\t\t\t\t\t\t\n\t\t\t\tNeft v\u0259 Qaz Kimy\u0259vi M\u0259hsullar\u0131  \n\t\t\t<\/h2> \n\t\t\t\t\t\t\t\t\t<\/a>\n\t\t\t\t\t<\/div>\n\t\t\t\t\t\t<\/div>\n\t\t\t\t<\/div>\n\t\t<div class=\"elementor-element elementor-element-5d357dc e-con-full e-flex wpr-particle-no wpr-jarallax-no wpr-parallax-no wpr-sticky-section-no e-con e-child\" data-id=\"5d357dc\" data-element_type=\"container\">\n\t\t<div class=\"elementor-element elementor-element-e684cbf e-con-full e-flex wpr-particle-no wpr-jarallax-no wpr-parallax-no wpr-sticky-section-no e-con e-child\" data-id=\"e684cbf\" data-element_type=\"container\">\n\t\t\t\t<div class=\"elementor-element elementor-element-19d32d4 elementor-position-top elementor-invisible elementor-widget elementor-widget-image-box\" data-id=\"19d32d4\" data-element_type=\"widget\" data-settings=\"{&quot;_animation&quot;:&quot;fadeInUp&quot;}\" data-widget_type=\"image-box.default\">\n\t\t\t\t\t<div class=\"elementor-image-box-wrapper\"><figure class=\"elementor-image-box-img\"><a href=\"https:\/\/bakuchem.az\/az\/barit\/\" tabindex=\"-1\"><img fetchpriority=\"high\" decoding=\"async\" width=\"1024\" height=\"1024\" src=\"https:\/\/bakuchem.az\/wp-content\/uploads\/2025\/12\/f17e73806aa0b930a7bfdd3e49b59a78a0276993.webp\" class=\"attachment-full size-full wp-image-43\" alt=\"\" srcset=\"https:\/\/bakuchem.az\/wp-content\/uploads\/2025\/12\/f17e73806aa0b930a7bfdd3e49b59a78a0276993.webp 1024w, https:\/\/bakuchem.az\/wp-content\/uploads\/2025\/12\/f17e73806aa0b930a7bfdd3e49b59a78a0276993-300x300.webp 300w, https:\/\/bakuchem.az\/wp-content\/uploads\/2025\/12\/f17e73806aa0b930a7bfdd3e49b59a78a0276993-150x150.webp 150w, https:\/\/bakuchem.az\/wp-content\/uploads\/2025\/12\/f17e73806aa0b930a7bfdd3e49b59a78a0276993-768x768.webp 768w\" sizes=\"(max-width: 1024px) 100vw, 1024px\" \/><\/a><\/figure><div class=\"elementor-image-box-content\"><h3 class=\"elementor-image-box-title\"><a href=\"https:\/\/bakuchem.az\/az\/barit\/\">Barit<\/a><\/h3><\/div><\/div>\t\t\t\t<\/div>\n\t\t\t\t<\/div>\n\t\t<div class=\"elementor-element elementor-element-4157f12 e-con-full e-flex wpr-particle-no wpr-jarallax-no wpr-parallax-no wpr-sticky-section-no e-con e-child\" data-id=\"4157f12\" data-element_type=\"container\">\n\t\t\t\t<div class=\"elementor-element elementor-element-4fac2c5 elementor-position-top elementor-invisible elementor-widget elementor-widget-image-box\" data-id=\"4fac2c5\" data-element_type=\"widget\" data-settings=\"{&quot;_animation&quot;:&quot;fadeInUp&quot;}\" data-widget_type=\"image-box.default\">\n\t\t\t\t\t<div class=\"elementor-image-box-wrapper\"><figure class=\"elementor-image-box-img\"><a href=\"https:\/\/bakuchem.az\/az\/calcium-chloride\/\" tabindex=\"-1\"><img decoding=\"async\" width=\"1024\" height=\"1024\" src=\"https:\/\/bakuchem.az\/wp-content\/uploads\/2025\/12\/133d4b3e5fa7de594177f80ccc9096383d02c04e.webp\" class=\"attachment-full size-full wp-image-42\" alt=\"\" srcset=\"https:\/\/bakuchem.az\/wp-content\/uploads\/2025\/12\/133d4b3e5fa7de594177f80ccc9096383d02c04e.webp 1024w, https:\/\/bakuchem.az\/wp-content\/uploads\/2025\/12\/133d4b3e5fa7de594177f80ccc9096383d02c04e-300x300.webp 300w, https:\/\/bakuchem.az\/wp-content\/uploads\/2025\/12\/133d4b3e5fa7de594177f80ccc9096383d02c04e-150x150.webp 150w, https:\/\/bakuchem.az\/wp-content\/uploads\/2025\/12\/133d4b3e5fa7de594177f80ccc9096383d02c04e-768x768.webp 768w\" sizes=\"(max-width: 1024px) 100vw, 1024px\" \/><\/a><\/figure><div class=\"elementor-image-box-content\"><h3 class=\"elementor-image-box-title\"><a href=\"https:\/\/bakuchem.az\/az\/calcium-chloride\/\">Kalsium xlorid<\/a><\/h3><\/div><\/div>\t\t\t\t<\/div>\n\t\t\t\t<\/div>\n\t\t<div class=\"elementor-element elementor-element-19b37b6 e-con-full e-flex wpr-particle-no wpr-jarallax-no wpr-parallax-no wpr-sticky-section-no e-con e-child\" data-id=\"19b37b6\" data-element_type=\"container\">\n\t\t\t\t<div class=\"elementor-element elementor-element-f06572f elementor-position-top elementor-invisible elementor-widget elementor-widget-image-box\" data-id=\"f06572f\" data-element_type=\"widget\" data-settings=\"{&quot;_animation&quot;:&quot;fadeInUp&quot;}\" data-widget_type=\"image-box.default\">\n\t\t\t\t\t<div class=\"elementor-image-box-wrapper\"><figure class=\"elementor-image-box-img\"><a href=\"https:\/\/bakuchem.az\/az\/caustic-soda\/\" tabindex=\"-1\"><img decoding=\"async\" width=\"500\" height=\"500\" src=\"https:\/\/bakuchem.az\/wp-content\/uploads\/2025\/12\/1a36dd6f55fe93ccd167ca5481dfc825f5c66551.webp\" class=\"attachment-full size-full wp-image-44\" alt=\"\" srcset=\"https:\/\/bakuchem.az\/wp-content\/uploads\/2025\/12\/1a36dd6f55fe93ccd167ca5481dfc825f5c66551.webp 500w, https:\/\/bakuchem.az\/wp-content\/uploads\/2025\/12\/1a36dd6f55fe93ccd167ca5481dfc825f5c66551-300x300.webp 300w, https:\/\/bakuchem.az\/wp-content\/uploads\/2025\/12\/1a36dd6f55fe93ccd167ca5481dfc825f5c66551-150x150.webp 150w\" sizes=\"(max-width: 500px) 100vw, 500px\" \/><\/a><\/figure><div class=\"elementor-image-box-content\"><h3 class=\"elementor-image-box-title\"><a href=\"https:\/\/bakuchem.az\/az\/caustic-soda\/\">Caustic Soda<\/a><\/h3><\/div><\/div>\t\t\t\t<\/div>\n\t\t\t\t<\/div>\n\t\t<div class=\"elementor-element elementor-element-9567d1a e-con-full e-flex wpr-particle-no wpr-jarallax-no wpr-parallax-no wpr-sticky-section-no e-con e-child\" data-id=\"9567d1a\" data-element_type=\"container\">\n\t\t\t\t<div class=\"elementor-element elementor-element-b7093a1 elementor-position-top elementor-invisible elementor-widget elementor-widget-image-box\" data-id=\"b7093a1\" data-element_type=\"widget\" data-settings=\"{&quot;_animation&quot;:&quot;fadeInUp&quot;}\" data-widget_type=\"image-box.default\">\n\t\t\t\t\t<div class=\"elementor-image-box-wrapper\"><figure class=\"elementor-image-box-img\"><a href=\"https:\/\/bakuchem.az\/az\/hydrochloric-acid\/\" tabindex=\"-1\"><img loading=\"lazy\" decoding=\"async\" width=\"1024\" height=\"1024\" src=\"https:\/\/bakuchem.az\/wp-content\/uploads\/2025\/12\/e9e9d0206169b322ebd5d47850db727e1ba9c335.webp\" class=\"attachment-full size-full wp-image-41\" alt=\"\" srcset=\"https:\/\/bakuchem.az\/wp-content\/uploads\/2025\/12\/e9e9d0206169b322ebd5d47850db727e1ba9c335.webp 1024w, https:\/\/bakuchem.az\/wp-content\/uploads\/2025\/12\/e9e9d0206169b322ebd5d47850db727e1ba9c335-300x300.webp 300w, https:\/\/bakuchem.az\/wp-content\/uploads\/2025\/12\/e9e9d0206169b322ebd5d47850db727e1ba9c335-150x150.webp 150w, https:\/\/bakuchem.az\/wp-content\/uploads\/2025\/12\/e9e9d0206169b322ebd5d47850db727e1ba9c335-768x768.webp 768w\" sizes=\"(max-width: 1024px) 100vw, 1024px\" \/><\/a><\/figure><div class=\"elementor-image-box-content\"><h3 class=\"elementor-image-box-title\"><a href=\"https:\/\/bakuchem.az\/az\/hydrochloric-acid\/\">Xlorid tur\u015fusu<\/a><\/h3><\/div><\/div>\t\t\t\t<\/div>\n\t\t\t\t<\/div>\n\t\t\t\t<\/div>\n\t\t<div class=\"elementor-element elementor-element-f53545a e-con-full e-flex wpr-particle-no wpr-jarallax-no wpr-parallax-no wpr-sticky-section-no e-con e-child\" data-id=\"f53545a\" data-element_type=\"container\">\n\t\t<div class=\"elementor-element elementor-element-f1b9f12 e-con-full e-flex wpr-particle-no wpr-jarallax-no wpr-parallax-no wpr-sticky-section-no e-con e-child\" data-id=\"f1b9f12\" data-element_type=\"container\">\n\t\t\t\t<div class=\"elementor-element elementor-element-974386c elementor-position-top elementor-invisible elementor-widget elementor-widget-image-box\" data-id=\"974386c\" data-element_type=\"widget\" data-settings=\"{&quot;_animation&quot;:&quot;fadeInUp&quot;}\" data-widget_type=\"image-box.default\">\n\t\t\t\t\t<div class=\"elementor-image-box-wrapper\"><figure class=\"elementor-image-box-img\"><a href=\"https:\/\/bakuchem.az\/az\/nitric-acid\/\" tabindex=\"-1\"><img loading=\"lazy\" decoding=\"async\" width=\"1024\" height=\"1024\" src=\"https:\/\/bakuchem.az\/wp-content\/uploads\/2025\/12\/e9e9d0206169b322ebd5d47850db727e1ba9c335.webp\" class=\"attachment-full size-full wp-image-41\" alt=\"\" srcset=\"https:\/\/bakuchem.az\/wp-content\/uploads\/2025\/12\/e9e9d0206169b322ebd5d47850db727e1ba9c335.webp 1024w, https:\/\/bakuchem.az\/wp-content\/uploads\/2025\/12\/e9e9d0206169b322ebd5d47850db727e1ba9c335-300x300.webp 300w, https:\/\/bakuchem.az\/wp-content\/uploads\/2025\/12\/e9e9d0206169b322ebd5d47850db727e1ba9c335-150x150.webp 150w, https:\/\/bakuchem.az\/wp-content\/uploads\/2025\/12\/e9e9d0206169b322ebd5d47850db727e1ba9c335-768x768.webp 768w\" sizes=\"(max-width: 1024px) 100vw, 1024px\" \/><\/a><\/figure><div class=\"elementor-image-box-content\"><h3 class=\"elementor-image-box-title\"><a href=\"https:\/\/bakuchem.az\/az\/nitric-acid\/\">Azot tur\u015fusu<\/a><\/h3><\/div><\/div>\t\t\t\t<\/div>\n\t\t\t\t<\/div>\n\t\t<div class=\"elementor-element elementor-element-cf50474 e-con-full e-flex wpr-particle-no wpr-jarallax-no wpr-parallax-no wpr-sticky-section-no e-con e-child\" data-id=\"cf50474\" data-element_type=\"container\">\n\t\t\t\t<div class=\"elementor-element elementor-element-52db13f elementor-position-top elementor-invisible elementor-widget elementor-widget-image-box\" data-id=\"52db13f\" data-element_type=\"widget\" data-settings=\"{&quot;_animation&quot;:&quot;fadeInUp&quot;}\" data-widget_type=\"image-box.default\">\n\t\t\t\t\t<div class=\"elementor-image-box-wrapper\"><figure class=\"elementor-image-box-img\"><a href=\"https:\/\/bakuchem.az\/az\/sulfuric-acid\/\" tabindex=\"-1\"><img loading=\"lazy\" decoding=\"async\" width=\"1024\" height=\"1024\" src=\"https:\/\/bakuchem.az\/wp-content\/uploads\/2025\/12\/e9e9d0206169b322ebd5d47850db727e1ba9c335.webp\" class=\"attachment-full size-full wp-image-41\" alt=\"\" srcset=\"https:\/\/bakuchem.az\/wp-content\/uploads\/2025\/12\/e9e9d0206169b322ebd5d47850db727e1ba9c335.webp 1024w, https:\/\/bakuchem.az\/wp-content\/uploads\/2025\/12\/e9e9d0206169b322ebd5d47850db727e1ba9c335-300x300.webp 300w, https:\/\/bakuchem.az\/wp-content\/uploads\/2025\/12\/e9e9d0206169b322ebd5d47850db727e1ba9c335-150x150.webp 150w, https:\/\/bakuchem.az\/wp-content\/uploads\/2025\/12\/e9e9d0206169b322ebd5d47850db727e1ba9c335-768x768.webp 768w\" sizes=\"(max-width: 1024px) 100vw, 1024px\" \/><\/a><\/figure><div class=\"elementor-image-box-content\"><h3 class=\"elementor-image-box-title\"><a href=\"https:\/\/bakuchem.az\/az\/sulfuric-acid\/\">K\u00fck\u00fcrd tur\u015fusu<\/a><\/h3><\/div><\/div>\t\t\t\t<\/div>\n\t\t\t\t<\/div>\n\t\t<div class=\"elementor-element elementor-element-d9d835e e-con-full e-flex wpr-particle-no wpr-jarallax-no wpr-parallax-no wpr-sticky-section-no e-con e-child\" data-id=\"d9d835e\" data-element_type=\"container\">\n\t\t\t\t<div class=\"elementor-element elementor-element-7cb0dd1 elementor-position-top elementor-invisible elementor-widget elementor-widget-image-box\" data-id=\"7cb0dd1\" data-element_type=\"widget\" data-settings=\"{&quot;_animation&quot;:&quot;fadeInUp&quot;}\" data-widget_type=\"image-box.default\">\n\t\t\t\t\t<div class=\"elementor-image-box-wrapper\"><figure class=\"elementor-image-box-img\"><a href=\"https:\/\/bakuchem.az\/az\/sodium-chloride\/\" tabindex=\"-1\"><img loading=\"lazy\" decoding=\"async\" width=\"1024\" height=\"1024\" src=\"https:\/\/bakuchem.az\/wp-content\/uploads\/2025\/12\/0871e940ee779f3c2273b1c00764d8de3093f4b6.webp\" class=\"attachment-full size-full wp-image-720\" alt=\"\" srcset=\"https:\/\/bakuchem.az\/wp-content\/uploads\/2025\/12\/0871e940ee779f3c2273b1c00764d8de3093f4b6.webp 1024w, https:\/\/bakuchem.az\/wp-content\/uploads\/2025\/12\/0871e940ee779f3c2273b1c00764d8de3093f4b6-300x300.webp 300w, https:\/\/bakuchem.az\/wp-content\/uploads\/2025\/12\/0871e940ee779f3c2273b1c00764d8de3093f4b6-150x150.webp 150w, https:\/\/bakuchem.az\/wp-content\/uploads\/2025\/12\/0871e940ee779f3c2273b1c00764d8de3093f4b6-768x768.webp 768w\" sizes=\"(max-width: 1024px) 100vw, 1024px\" \/><\/a><\/figure><div class=\"elementor-image-box-content\"><h3 class=\"elementor-image-box-title\"><a href=\"https:\/\/bakuchem.az\/az\/sodium-chloride\/\">Natrium xlorid<\/a><\/h3><\/div><\/div>\t\t\t\t<\/div>\n\t\t\t\t<\/div>\n\t\t<div class=\"elementor-element elementor-element-a25554d e-con-full e-flex wpr-particle-no wpr-jarallax-no wpr-parallax-no wpr-sticky-section-no e-con e-child\" data-id=\"a25554d\" data-element_type=\"container\">\n\t\t\t\t<div class=\"elementor-element elementor-element-b582589 elementor-position-top elementor-invisible elementor-widget elementor-widget-image-box\" data-id=\"b582589\" data-element_type=\"widget\" data-settings=\"{&quot;_animation&quot;:&quot;fadeInUp&quot;}\" data-widget_type=\"image-box.default\">\n\t\t\t\t\t<div class=\"elementor-image-box-wrapper\"><figure class=\"elementor-image-box-img\"><a href=\"https:\/\/bakuchem.az\/az\/potassium-chloride\/\" tabindex=\"-1\"><img decoding=\"async\" width=\"500\" height=\"500\" src=\"https:\/\/bakuchem.az\/wp-content\/uploads\/2025\/12\/1a36dd6f55fe93ccd167ca5481dfc825f5c66551.webp\" class=\"attachment-full size-full wp-image-44\" alt=\"\" srcset=\"https:\/\/bakuchem.az\/wp-content\/uploads\/2025\/12\/1a36dd6f55fe93ccd167ca5481dfc825f5c66551.webp 500w, https:\/\/bakuchem.az\/wp-content\/uploads\/2025\/12\/1a36dd6f55fe93ccd167ca5481dfc825f5c66551-300x300.webp 300w, https:\/\/bakuchem.az\/wp-content\/uploads\/2025\/12\/1a36dd6f55fe93ccd167ca5481dfc825f5c66551-150x150.webp 150w\" sizes=\"(max-width: 500px) 100vw, 500px\" \/><\/a><\/figure><div class=\"elementor-image-box-content\"><h3 class=\"elementor-image-box-title\"><a href=\"https:\/\/bakuchem.az\/az\/potassium-chloride\/\">Kalium xlorid<\/a><\/h3><\/div><\/div>\t\t\t\t<\/div>\n\t\t\t\t<\/div>\n\t\t\t\t<\/div>\n\t\t<div class=\"elementor-element elementor-element-23db900 e-con-full e-flex wpr-particle-no wpr-jarallax-no wpr-parallax-no wpr-sticky-section-no e-con e-child\" data-id=\"23db900\" data-element_type=\"container\">\n\t\t<div class=\"elementor-element elementor-element-4540d5e e-con-full e-flex wpr-particle-no wpr-jarallax-no wpr-parallax-no wpr-sticky-section-no e-con e-child\" data-id=\"4540d5e\" data-element_type=\"container\">\n\t\t\t\t<div class=\"elementor-element elementor-element-3e098b4 elementor-position-top elementor-invisible elementor-widget elementor-widget-image-box\" data-id=\"3e098b4\" data-element_type=\"widget\" data-settings=\"{&quot;_animation&quot;:&quot;fadeInUp&quot;}\" data-widget_type=\"image-box.default\">\n\t\t\t\t\t<div class=\"elementor-image-box-wrapper\"><figure class=\"elementor-image-box-img\"><a href=\"https:\/\/bakuchem.az\/az\/sodium-silicate\/\" tabindex=\"-1\"><img loading=\"lazy\" decoding=\"async\" width=\"1024\" height=\"1024\" src=\"https:\/\/bakuchem.az\/wp-content\/uploads\/2025\/12\/e9e9d0206169b322ebd5d47850db727e1ba9c335.webp\" class=\"attachment-full size-full wp-image-41\" alt=\"\" srcset=\"https:\/\/bakuchem.az\/wp-content\/uploads\/2025\/12\/e9e9d0206169b322ebd5d47850db727e1ba9c335.webp 1024w, https:\/\/bakuchem.az\/wp-content\/uploads\/2025\/12\/e9e9d0206169b322ebd5d47850db727e1ba9c335-300x300.webp 300w, https:\/\/bakuchem.az\/wp-content\/uploads\/2025\/12\/e9e9d0206169b322ebd5d47850db727e1ba9c335-150x150.webp 150w, https:\/\/bakuchem.az\/wp-content\/uploads\/2025\/12\/e9e9d0206169b322ebd5d47850db727e1ba9c335-768x768.webp 768w\" sizes=\"(max-width: 1024px) 100vw, 1024px\" \/><\/a><\/figure><div class=\"elementor-image-box-content\"><h3 class=\"elementor-image-box-title\"><a href=\"https:\/\/bakuchem.az\/az\/sodium-silicate\/\">Natrium silikat<\/a><\/h3><\/div><\/div>\t\t\t\t<\/div>\n\t\t\t\t<\/div>\n\t\t<div class=\"elementor-element elementor-element-a333542 e-con-full e-flex wpr-particle-no wpr-jarallax-no wpr-parallax-no wpr-sticky-section-no e-con e-child\" data-id=\"a333542\" data-element_type=\"container\">\n\t\t\t\t<\/div>\n\t\t<div class=\"elementor-element elementor-element-10cb292 e-con-full e-flex wpr-particle-no wpr-jarallax-no wpr-parallax-no wpr-sticky-section-no e-con e-child\" data-id=\"10cb292\" data-element_type=\"container\">\n\t\t\t\t<\/div>\n\t\t<div class=\"elementor-element elementor-element-10e34c4 e-con-full e-flex wpr-particle-no wpr-jarallax-no wpr-parallax-no wpr-sticky-section-no e-con e-child\" data-id=\"10e34c4\" data-element_type=\"container\">\n\t\t\t\t<\/div>\n\t\t\t\t<\/div>\n\t\t\t\t\t<\/div>\n\t\t\t\t<\/div>\n\t\t\t\t<\/div>","protected":false},"excerpt":{"rendered":"<p>Oil And Gas Chemicals Barit Calcium chloride Caustic Soda Hydrochloric Acid Nitric Acid Sulfuric Acid Sodium Chloride Potassium chloride Sodium Silicate<\/p>","protected":false},"author":1,"featured_media":0,"parent":0,"menu_order":0,"comment_status":"closed","ping_status":"closed","template":"","meta":{"site-sidebar-layout":"no-sidebar","site-content-layout":"","ast-site-content-layout":"full-width-container","site-content-style":"default","site-sidebar-style":"default","ast-global-header-display":"","ast-banner-title-visibility":"","ast-main-header-display":"","ast-hfb-above-header-display":"","ast-hfb-below-header-display":"","ast-hfb-mobile-header-display":"","site-post-title":"disabled","ast-breadcrumbs-content":"","ast-featured-img":"","footer-sml-layout":"","ast-disable-related-posts":"","theme-transparent-header-meta":"default","adv-header-id-meta":"","stick-header-meta":"","header-above-stick-meta":"","header-main-stick-meta":"","header-below-stick-meta":"","astra-migrate-meta-layouts":"set","ast-page-background-enabled":"default","ast-page-background-meta":{"desktop":{"background-color":"var(--ast-global-color-5)","background-image":"","background-repeat":"repeat","background-position":"center center","background-size":"auto","background-attachment":"scroll","background-type":"","background-media":"","overlay-type":"","overlay-color":"","overlay-opacity":"","overlay-gradient":""},"tablet":{"background-color":"","background-image":"","background-repeat":"repeat","background-position":"center center","background-size":"auto","background-attachment":"scroll","background-type":"","background-media":"","overlay-type":"","overlay-color":"","overlay-opacity":"","overlay-gradient":""},"mobile":{"background-color":"","background-image":"","background-repeat":"repeat","background-position":"center center","background-size":"auto","background-attachment":"scroll","background-type":"","background-media":"","overlay-type":"","overlay-color":"","overlay-opacity":"","overlay-gradient":""}},"ast-content-background-meta":{"desktop":{"background-color":"var(--ast-global-color-4)","background-image":"","background-repeat":"repeat","background-position":"center center","background-size":"auto","background-attachment":"scroll","background-type":"","background-media":"","overlay-type":"","overlay-color":"","overlay-opacity":"","overlay-gradient":""},"tablet":{"background-color":"var(--ast-global-color-4)","background-image":"","background-repeat":"repeat","background-position":"center center","background-size":"auto","background-attachment":"scroll","background-type":"","background-media":"","overlay-type":"","overlay-color":"","overlay-opacity":"","overlay-gradient":""},"mobile":{"background-color":"var(--ast-global-color-4)","background-image":"","background-repeat":"repeat","background-position":"center center","background-size":"auto","background-attachment":"scroll","background-type":"","background-media":"","overlay-type":"","overlay-color":"","overlay-opacity":"","overlay-gradient":""}},"footnotes":""},"class_list":["post-941","page","type-page","status-publish","hentry"],"_links":{"self":[{"href":"https:\/\/bakuchem.az\/az\/wp-json\/wp\/v2\/pages\/941","targetHints":{"allow":["GET"]}}],"collection":[{"href":"https:\/\/bakuchem.az\/az\/wp-json\/wp\/v2\/pages"}],"about":[{"href":"https:\/\/bakuchem.az\/az\/wp-json\/wp\/v2\/types\/page"}],"author":[{"embeddable":true,"href":"https:\/\/bakuchem.az\/az\/wp-json\/wp\/v2\/users\/1"}],"replies":[{"embeddable":true,"href":"https:\/\/bakuchem.az\/az\/wp-json\/wp\/v2\/comments?post=941"}],"version-history":[{"count":38,"href":"https:\/\/bakuchem.az\/az\/wp-json\/wp\/v2\/pages\/941\/revisions"}],"predecessor-version":[{"id":1174,"href":"https:\/\/bakuchem.az\/az\/wp-json\/wp\/v2\/pages\/941\/revisions\/1174"}],"wp:attachment":[{"href":"https:\/\/bakuchem.az\/az\/wp-json\/wp\/v2\/media?parent=941"}],"curies":[{"name":"wp","href":"https:\/\/api.w.org\/{rel}","templated":true}]}}