{"id":452,"date":"2025-12-20T16:27:19","date_gmt":"2025-12-20T16:27:19","guid":{"rendered":"https:\/\/bakuchem.az\/?page_id=452"},"modified":"2025-12-25T19:03:13","modified_gmt":"2025-12-25T19:03:13","slug":"privacy","status":"publish","type":"page","link":"https:\/\/bakuchem.az\/az\/privacy\/","title":{"rendered":"M\u0259xfilik"},"content":{"rendered":"<div data-elementor-type=\"wp-page\" data-elementor-id=\"452\" class=\"elementor elementor-452\">\n\t\t\t\t<div class=\"elementor-element elementor-element-4518862 e-flex e-con-boxed wpr-particle-no wpr-jarallax-no wpr-parallax-no wpr-sticky-section-no e-con e-parent\" data-id=\"4518862\" data-element_type=\"container\" data-settings=\"{&quot;background_background&quot;:&quot;gradient&quot;}\">\n\t\t\t\t\t<div class=\"e-con-inner\">\n\t\t<div class=\"elementor-element elementor-element-e540013 e-con-full e-flex wpr-particle-no wpr-jarallax-no wpr-parallax-no wpr-sticky-section-no e-con e-child\" data-id=\"e540013\" data-element_type=\"container\">\n\t\t\t\t<div class=\"elementor-element elementor-element-1a5c417 elementor-widget elementor-widget-heading\" data-id=\"1a5c417\" data-element_type=\"widget\" data-widget_type=\"heading.default\">\n\t\t\t\t\t<h2 class=\"elementor-heading-title elementor-size-default\">Siyas\u0259tl\u0259rimiz: H\u0259r Add\u0131mda \u015e\u0259ffafl\u0131q v\u0259 M\u0259suliyy\u0259t<\/h2>\t\t\t\t<\/div>\n\t\t\t\t<div class=\"elementor-element elementor-element-4b99cd6 elementor-widget elementor-widget-text-editor\" data-id=\"4b99cd6\" data-element_type=\"widget\" data-widget_type=\"text-editor.default\">\n\t\t\t\t\t\t\t\t\tSual\u0131n\u0131z v\u0259 ya k\u00f6m\u0259y\u0259 ehtiyac\u0131n\u0131z varm\u0131? Komandam\u0131z siz\u0259 k\u00f6m\u0259k etm\u0259y\u0259 haz\u0131rd\u0131r.\u2028Biziml\u0259 telefon, e-po\u00e7t vasit\u0259sil\u0259 v\u0259 ya Bak\u0131da ofisimizd\u0259 \u0259laq\u0259 saxlay\u0131n.\t\t\t\t\t\t\t\t<\/div>\n\t\t\t\t<\/div>\n\t\t<div class=\"elementor-element elementor-element-3b28c2d e-con-full e-flex wpr-particle-no wpr-jarallax-no wpr-parallax-no wpr-sticky-section-no e-con e-child\" data-id=\"3b28c2d\" data-element_type=\"container\">\n\t\t\t\t<div class=\"elementor-element elementor-element-b61e818 elementor-widget elementor-widget-image\" data-id=\"b61e818\" data-element_type=\"widget\" data-widget_type=\"image.default\">\n\t\t\t\t\t\t\t\t\t\t\t\t\t\t\t<img fetchpriority=\"high\" decoding=\"async\" width=\"512\" height=\"512\" src=\"https:\/\/bakuchem.az\/wp-content\/uploads\/2025\/12\/7d59a51eecc74ecb80e9c67d6b13770a3b955e4f.webp\" class=\"attachment-large size-large wp-image-50\" alt=\"\" srcset=\"https:\/\/bakuchem.az\/wp-content\/uploads\/2025\/12\/7d59a51eecc74ecb80e9c67d6b13770a3b955e4f.webp 512w, https:\/\/bakuchem.az\/wp-content\/uploads\/2025\/12\/7d59a51eecc74ecb80e9c67d6b13770a3b955e4f-300x300.webp 300w, https:\/\/bakuchem.az\/wp-content\/uploads\/2025\/12\/7d59a51eecc74ecb80e9c67d6b13770a3b955e4f-150x150.webp 150w\" sizes=\"(max-width: 512px) 100vw, 512px\" \/>\t\t\t\t\t\t\t\t\t\t\t\t\t\t\t<\/div>\n\t\t\t\t<\/div>\n\t\t\t\t\t<\/div>\n\t\t\t\t<\/div>\n\t\t<div class=\"elementor-element elementor-element-0cb3021 e-flex e-con-boxed wpr-particle-no wpr-jarallax-no wpr-parallax-no wpr-sticky-section-no e-con e-parent\" data-id=\"0cb3021\" data-element_type=\"container\">\n\t\t\t\t\t<div class=\"e-con-inner\">\n\t\t\t\t<div class=\"elementor-element elementor-element-0b4430a elementor-widget elementor-widget-heading\" data-id=\"0b4430a\" data-element_type=\"widget\" data-widget_type=\"heading.default\">\n\t\t\t\t\t<h2 class=\"elementor-heading-title elementor-size-default\">M\u0259xfilik<\/h2>\t\t\t\t<\/div>\n\t\t\t\t<div class=\"elementor-element elementor-element-316bc7d elementor-widget elementor-widget-text-editor\" data-id=\"316bc7d\" data-element_type=\"widget\" data-widget_type=\"text-editor.default\">\n\t\t\t\t\t\t\t\t\t<p><strong>Son yenil\u0259nm\u0259 tarixi: Sentyabr 2025<\/strong><br \/>BakuChem sizin m\u0259xfiliyinizi qoruyur v\u0259 biziml\u0259 payla\u015fd\u0131\u011f\u0131n\u0131z \u015f\u0259xsi m\u0259lumatlar\u0131n t\u0259hl\u00fck\u0259sizliyin\u0259 sadiqdir.\u2028Bu M\u0259xfilik Siyas\u0259ti, vebsayt\u0131m\u0131za daxil oldu\u011funuz zaman m\u0259lumatlar\u0131n\u0131z\u0131n nec\u0259 toplanmas\u0131, istifad\u0259si v\u0259 qorunmas\u0131 bar\u0259d\u0259 m\u0259lumat verir.<br \/><strong>1. Toplad\u0131\u011f\u0131m\u0131z M\u0259lumatlar<\/strong><br \/>Vebsayt, e-po\u00e7t v\u0259 ya WhatsApp vasit\u0259sil\u0259 biziml\u0259 \u0259laq\u0259 saxlad\u0131qda biz a\u015fa\u011f\u0131dak\u0131 m\u0259lumatlar\u0131 toplaya bil\u0259rik:<br \/>Ad v\u0259 \u0259laq\u0259 m\u0259lumatlar\u0131n\u0131z (telefon n\u00f6mr\u0259si, e-po\u00e7t \u00fcnvan\u0131)<br \/>\u015eirk\u0259t haqq\u0131nda m\u0259lumat (\u0259g\u0259r t\u0259qdim edil\u0259rs\u0259)<br \/>Sor\u011fuda payla\u015fmaq ist\u0259diyiniz dig\u0259r m\u0259lumatlar<br \/>Biz yaln\u0131z k\u00f6n\u00fcll\u00fc t\u0259qdim etdiyiniz m\u0259lumatlar\u0131 toplay\u0131r\u0131q v\u0259 m\u0259xfi m\u0259lumat ist\u0259mirik.<br \/><strong>2. M\u0259lumatlardan Nec\u0259 \u0130stifad\u0259 Edirik<\/strong><br \/>Toplad\u0131\u011f\u0131m\u0131z m\u0259lumatlardan a\u015fa\u011f\u0131dak\u0131 m\u0259qs\u0259dl\u0259rl\u0259 istifad\u0259 edirik:<br \/>Sor\u011fular\u0131n\u0131za cavab verm\u0259k \u00fc\u00e7\u00fcn<br \/>M\u0259hsullar\u0131m\u0131z v\u0259 xidm\u0259tl\u0259rimiz bar\u0259d\u0259 m\u0259lumat t\u0259qdim etm\u0259k \u00fc\u00e7\u00fcn<br \/>\u00dcnsiyy\u0259t keyfiyy\u0259tini yax\u015f\u0131la\u015fd\u0131rmaq \u00fc\u00e7\u00fcn<br \/>H\u00fcquqi v\u0259 ya t\u0259nziml\u0259yici t\u0259l\u0259bl\u0259ri yerin\u0259 yetirm\u0259k \u00fc\u00e7\u00fcn<br \/>Biz m\u0259lumatlar\u0131n\u0131z\u0131 kommersiya m\u0259qs\u0259di il\u0259 \u00fc\u00e7\u00fcnc\u00fc t\u0259r\u0259fl\u0259rl\u0259 payla\u015fm\u0131r\u0131q v\u0259 satm\u0131r\u0131q.<br \/><strong>3. M\u0259lumatlar\u0131n Qorunmas\u0131 v\u0259 T\u0259hl\u00fck\u0259sizlik<\/strong><br \/>\u015e\u0259xsi m\u0259lumatlar\u0131n\u0131z yaln\u0131z s\u0259lahiyy\u0259tli \u015f\u0259xsl\u0259r t\u0259r\u0259find\u0259n qorunur v\u0259 idar\u0259 olunur.\u2028M\u0259lumatlar\u0131n icaz\u0259siz giri\u015f, d\u0259yi\u015fiklik v\u0259 ya itkid\u0259n qorunmas\u0131 \u00fc\u00e7\u00fcn m\u00fcvafiq texniki v\u0259 t\u0259\u015fkilati t\u0259dbirl\u0259r g\u00f6r\u00fcl\u00fcr.<br \/><strong>4. Kukil\u0259r v\u0259 Analitika<\/strong><br \/>Vebsayt\u0131m\u0131z istifad\u0259\u00e7i t\u0259cr\u00fcb\u0259sini t\u0259hlil etm\u0259k \u00fc\u00e7\u00fcn kukil\u0259rd\u0259n v\u0259 analitik vasit\u0259l\u0259rd\u0259n istifad\u0259 ed\u0259 bil\u0259r.\u2028Bu m\u0259lumatlar anonim saxlan\u0131l\u0131r v\u0259 sizi \u015f\u0259xs\u0259n tan\u0131maq \u00fc\u00e7\u00fcn istifad\u0259 edilmir.<br \/><strong>5. Sizin H\u00fcquqlar\u0131n\u0131z<\/strong><br \/>Siz a\u015fa\u011f\u0131dak\u0131 h\u00fcquqlara maliksiniz:<br \/>Haqq\u0131n\u0131zda saxlan\u0131lan \u015f\u0259xsi m\u0259lumatlara \u00e7\u0131x\u0131\u015f<br \/>D\u00fcz\u0259li\u015f v\u0259 ya yenil\u0259m\u0259 t\u0259l\u0259bi<br \/>M\u0259lumatlar\u0131n silinm\u0259si v\u0259 ya m\u0259hdudla\u015fd\u0131r\u0131lmas\u0131 il\u0259 ba\u011fl\u0131 m\u00fcraci\u0259t<br \/>Bu h\u00fcquqlardan istifad\u0259 etm\u0259k \u00fc\u00e7\u00fcn biziml\u0259 \u0259laq\u0259 saxlay\u0131n:\u2028 \ud83d\udce7 info@bakuchem.az<br \/><strong>6. Siyas\u0259tin Yenil\u0259nm\u0259si<\/strong><br \/>Bu M\u0259xfilik Siyas\u0259ti vaxta\u015f\u0131r\u0131 yenil\u0259n\u0259 bil\u0259r. B\u00fct\u00fcn d\u0259yi\u015fiklikl\u0259r bu s\u0259hif\u0259d\u0259 \u201cSon yenil\u0259nm\u0259 tarixi\u201d il\u0259 birg\u0259 payla\u015f\u0131lacaq.<br \/><strong>\u018flaq\u0259<\/strong><br \/>M\u0259xfilik siyas\u0259timiz v\u0259 ya m\u0259lumatlar\u0131n\u0131z\u0131n i\u015fl\u0259nm\u0259si il\u0259 ba\u011fl\u0131 sual\u0131n\u0131z varsa, biziml\u0259 \u0259laq\u0259 saxlay\u0131n:<br \/>\ud83d\udce7 info@bakuchem.az\u2028<\/p><p>\ud83d\udcde +994 70 640 60 42<\/p>\t\t\t\t\t\t\t\t<\/div>\n\t\t\t\t\t<\/div>\n\t\t\t\t<\/div>\n\t\t\t\t<\/div>","protected":false},"excerpt":{"rendered":"<p>Our Policies: Transparency and Responsibility in Every Step Have questions or need assistance? Our team is ready to help. Contact us via phone, email, or visit our office in Baku Privacy Last updated: September 2025BakuChem respects your privacy and is committed to protecting the personal information you share with us. This Privacy Policy explains how we collect, use, and safeguard your information when you visit our website.1. Information We CollectWhen you contact us through our website, by email, or via WhatsApp, we may collect:Your name and contact details (phone number, email address).Company information (if provided).Any other details you choose to share with us in your inquiry.We do not collect sensitive personal data unless you voluntarily provide it.2. How We Use Your InformationWe use your information to:Respond to your requests and inquiries.Provide details about our products and services.Improve our website and communication.Fulfill legal or regulatory requirements.We do not sell or share your data with third parties for marketing purposes.3. Data Storage and SecurityYour personal data is stored securely and accessed only by authorized personnel.\u2028 We take appropriate technical and organizational measures to protect your data from unauthorized access, loss, or misuse.4. Cookies and AnalyticsOur website may use cookies or analytics tools to understand how visitors use the site. This information is anonymous and does not identify you personally.5. Your RightsYou have the right to:Request access to the personal data we hold about you.Ask for corrections if any information is inaccurate.Request deletion of your data where applicable.To exercise these rights, please contact us at info@bakuchem.az.6. Changes to This PolicyWe may update this Privacy Policy from time to time. Any changes will be published on this page with a new \u201cLast updated\u201d date.7. Contact UsIf you have any questions about this Privacy Policy or how your data is handled, please contact us:\ud83d\udce7 info@bakuchem.az\u2028 \ud83d\udcde +994 70 640 60 42<\/p>","protected":false},"author":1,"featured_media":0,"parent":0,"menu_order":0,"comment_status":"closed","ping_status":"closed","template":"","meta":{"site-sidebar-layout":"no-sidebar","site-content-layout":"","ast-site-content-layout":"full-width-container","site-content-style":"default","site-sidebar-style":"default","ast-global-header-display":"","ast-banner-title-visibility":"","ast-main-header-display":"","ast-hfb-above-header-display":"","ast-hfb-below-header-display":"","ast-hfb-mobile-header-display":"","site-post-title":"disabled","ast-breadcrumbs-content":"","ast-featured-img":"","footer-sml-layout":"","ast-disable-related-posts":"","theme-transparent-header-meta":"default","adv-header-id-meta":"","stick-header-meta":"","header-above-stick-meta":"","header-main-stick-meta":"","header-below-stick-meta":"","astra-migrate-meta-layouts":"set","ast-page-background-enabled":"default","ast-page-background-meta":{"desktop":{"background-color":"var(--ast-global-color-5)","background-image":"","background-repeat":"repeat","background-position":"center center","background-size":"auto","background-attachment":"scroll","background-type":"","background-media":"","overlay-type":"","overlay-color":"","overlay-opacity":"","overlay-gradient":""},"tablet":{"background-color":"","background-image":"","background-repeat":"repeat","background-position":"center center","background-size":"auto","background-attachment":"scroll","background-type":"","background-media":"","overlay-type":"","overlay-color":"","overlay-opacity":"","overlay-gradient":""},"mobile":{"background-color":"","background-image":"","background-repeat":"repeat","background-position":"center center","background-size":"auto","background-attachment":"scroll","background-type":"","background-media":"","overlay-type":"","overlay-color":"","overlay-opacity":"","overlay-gradient":""}},"ast-content-background-meta":{"desktop":{"background-color":"var(--ast-global-color-4)","background-image":"","background-repeat":"repeat","background-position":"center center","background-size":"auto","background-attachment":"scroll","background-type":"","background-media":"","overlay-type":"","overlay-color":"","overlay-opacity":"","overlay-gradient":""},"tablet":{"background-color":"var(--ast-global-color-4)","background-image":"","background-repeat":"repeat","background-position":"center center","background-size":"auto","background-attachment":"scroll","background-type":"","background-media":"","overlay-type":"","overlay-color":"","overlay-opacity":"","overlay-gradient":""},"mobile":{"background-color":"var(--ast-global-color-4)","background-image":"","background-repeat":"repeat","background-position":"center center","background-size":"auto","background-attachment":"scroll","background-type":"","background-media":"","overlay-type":"","overlay-color":"","overlay-opacity":"","overlay-gradient":""}},"footnotes":""},"class_list":["post-452","page","type-page","status-publish","hentry"],"_links":{"self":[{"href":"https:\/\/bakuchem.az\/az\/wp-json\/wp\/v2\/pages\/452","targetHints":{"allow":["GET"]}}],"collection":[{"href":"https:\/\/bakuchem.az\/az\/wp-json\/wp\/v2\/pages"}],"about":[{"href":"https:\/\/bakuchem.az\/az\/wp-json\/wp\/v2\/types\/page"}],"author":[{"embeddable":true,"href":"https:\/\/bakuchem.az\/az\/wp-json\/wp\/v2\/users\/1"}],"replies":[{"embeddable":true,"href":"https:\/\/bakuchem.az\/az\/wp-json\/wp\/v2\/comments?post=452"}],"version-history":[{"count":14,"href":"https:\/\/bakuchem.az\/az\/wp-json\/wp\/v2\/pages\/452\/revisions"}],"predecessor-version":[{"id":826,"href":"https:\/\/bakuchem.az\/az\/wp-json\/wp\/v2\/pages\/452\/revisions\/826"}],"wp:attachment":[{"href":"https:\/\/bakuchem.az\/az\/wp-json\/wp\/v2\/media?parent=452"}],"curies":[{"name":"wp","href":"https:\/\/api.w.org\/{rel}","templated":true}]}}