{"id":16,"date":"2025-12-18T16:05:10","date_gmt":"2025-12-18T16:05:10","guid":{"rendered":"https:\/\/bakuchem.az\/?page_id=16"},"modified":"2025-12-25T19:03:10","modified_gmt":"2025-12-25T19:03:10","slug":"contact-us","status":"publish","type":"page","link":"https:\/\/bakuchem.az\/az\/contact-us\/","title":{"rendered":"\u018flaq\u0259"},"content":{"rendered":"<div data-elementor-type=\"wp-page\" data-elementor-id=\"16\" class=\"elementor elementor-16\">\n\t\t\t\t<div class=\"elementor-element elementor-element-2058015 e-flex e-con-boxed wpr-particle-no wpr-jarallax-no wpr-parallax-no wpr-sticky-section-no e-con e-parent\" data-id=\"2058015\" data-element_type=\"container\" data-settings=\"{&quot;background_background&quot;:&quot;gradient&quot;}\">\n\t\t\t\t\t<div class=\"e-con-inner\">\n\t\t<div class=\"elementor-element elementor-element-47c5c54 e-con-full e-flex wpr-particle-no wpr-jarallax-no wpr-parallax-no wpr-sticky-section-no e-con e-child\" data-id=\"47c5c54\" data-element_type=\"container\">\n\t\t\t\t<div class=\"elementor-element elementor-element-34370ea elementor-widget elementor-widget-heading\" data-id=\"34370ea\" data-element_type=\"widget\" data-widget_type=\"heading.default\">\n\t\t\t\t\t<h2 class=\"elementor-heading-title elementor-size-default\">BakuChem il\u0259 \u018flaq\u0259 Saxlay\u0131n<\/h2>\t\t\t\t<\/div>\n\t\t\t\t<div class=\"elementor-element elementor-element-3589528 elementor-widget elementor-widget-text-editor\" data-id=\"3589528\" data-element_type=\"widget\" data-widget_type=\"text-editor.default\">\n\t\t\t\t\t\t\t\t\tSual\u0131n\u0131z v\u0259 ya k\u00f6m\u0259y\u0259 ehtiyac\u0131n\u0131z varm\u0131? Komandam\u0131z siz\u0259 k\u00f6m\u0259k etm\u0259y\u0259 haz\u0131rd\u0131r.\u2028Biziml\u0259 telefon, e-po\u00e7t vasit\u0259sil\u0259 v\u0259 ya Bak\u0131da ofisimizd\u0259 \u0259laq\u0259 saxlay\u0131n.\t\t\t\t\t\t\t\t<\/div>\n\t\t\t\t<\/div>\n\t\t<div class=\"elementor-element elementor-element-930e912 e-con-full e-flex wpr-particle-no wpr-jarallax-no wpr-parallax-no wpr-sticky-section-no e-con e-child\" data-id=\"930e912\" data-element_type=\"container\">\n\t\t\t\t<div class=\"elementor-element elementor-element-a08cdc0 elementor-widget elementor-widget-image\" data-id=\"a08cdc0\" data-element_type=\"widget\" data-widget_type=\"image.default\">\n\t\t\t\t\t\t\t\t\t\t\t\t\t\t\t<img fetchpriority=\"high\" decoding=\"async\" width=\"512\" height=\"512\" src=\"https:\/\/bakuchem.az\/wp-content\/uploads\/2025\/12\/962d06cc8ea31aa8f312a188118014adfadae8d9.webp\" class=\"attachment-large size-large wp-image-52\" alt=\"\" srcset=\"https:\/\/bakuchem.az\/wp-content\/uploads\/2025\/12\/962d06cc8ea31aa8f312a188118014adfadae8d9.webp 512w, https:\/\/bakuchem.az\/wp-content\/uploads\/2025\/12\/962d06cc8ea31aa8f312a188118014adfadae8d9-300x300.webp 300w, https:\/\/bakuchem.az\/wp-content\/uploads\/2025\/12\/962d06cc8ea31aa8f312a188118014adfadae8d9-150x150.webp 150w\" sizes=\"(max-width: 512px) 100vw, 512px\" \/>\t\t\t\t\t\t\t\t\t\t\t\t\t\t\t<\/div>\n\t\t\t\t<\/div>\n\t\t\t\t\t<\/div>\n\t\t\t\t<\/div>\n\t\t<div class=\"elementor-element elementor-element-71d01dc e-flex e-con-boxed wpr-particle-no wpr-jarallax-no wpr-parallax-no wpr-sticky-section-no e-con e-parent\" data-id=\"71d01dc\" data-element_type=\"container\">\n\t\t\t\t\t<div class=\"e-con-inner\">\n\t\t\t\t<div class=\"elementor-element elementor-element-7b6d5a8 elementor-widget elementor-widget-heading\" data-id=\"7b6d5a8\" data-element_type=\"widget\" data-widget_type=\"heading.default\">\n\t\t\t\t\t<h2 class=\"elementor-heading-title elementor-size-default\">Biziml\u0259 Nec\u0259 \u018flaq\u0259 Saxlamaq Olar<\/h2>\t\t\t\t<\/div>\n\t\t<div class=\"elementor-element elementor-element-1876b46 e-con-full e-flex wpr-particle-no wpr-jarallax-no wpr-parallax-no wpr-sticky-section-no e-con e-child\" data-id=\"1876b46\" data-element_type=\"container\">\n\t\t<div class=\"elementor-element elementor-element-470d94f e-con-full e-flex wpr-particle-no wpr-jarallax-no wpr-parallax-no wpr-sticky-section-no e-con e-child\" data-id=\"470d94f\" data-element_type=\"container\">\n\t\t\t\t<div class=\"elementor-element elementor-element-67398fa elementor-position-left elementor-position-top elementor-vertical-align-middle elementor-widget elementor-widget-image-box\" data-id=\"67398fa\" data-element_type=\"widget\" data-widget_type=\"image-box.default\">\n\t\t\t\t\t<div class=\"elementor-image-box-wrapper\"><figure class=\"elementor-image-box-img\"><img decoding=\"async\" width=\"512\" height=\"512\" src=\"https:\/\/bakuchem.az\/wp-content\/uploads\/2025\/12\/a3961ad06134f7f3036564dac3f4db455c4d4cad.webp\" class=\"attachment-full size-full wp-image-438\" alt=\"\" srcset=\"https:\/\/bakuchem.az\/wp-content\/uploads\/2025\/12\/a3961ad06134f7f3036564dac3f4db455c4d4cad.webp 512w, https:\/\/bakuchem.az\/wp-content\/uploads\/2025\/12\/a3961ad06134f7f3036564dac3f4db455c4d4cad-300x300.webp 300w, https:\/\/bakuchem.az\/wp-content\/uploads\/2025\/12\/a3961ad06134f7f3036564dac3f4db455c4d4cad-150x150.webp 150w\" sizes=\"(max-width: 512px) 100vw, 512px\" \/><\/figure><div class=\"elementor-image-box-content\"><h3 class=\"elementor-image-box-title\">info@bakuchem.az<\/h3><\/div><\/div>\t\t\t\t<\/div>\n\t\t\t\t<div class=\"elementor-element elementor-element-1835e2c elementor-position-left elementor-position-top elementor-vertical-align-middle elementor-widget elementor-widget-image-box\" data-id=\"1835e2c\" data-element_type=\"widget\" data-widget_type=\"image-box.default\">\n\t\t\t\t\t<div class=\"elementor-image-box-wrapper\"><figure class=\"elementor-image-box-img\"><img decoding=\"async\" width=\"512\" height=\"512\" src=\"https:\/\/bakuchem.az\/wp-content\/uploads\/2025\/12\/30a9c8b5da76e24d5ce2f5dd5dcdc58e9cf1b6df.webp\" class=\"attachment-full size-full wp-image-437\" alt=\"\" srcset=\"https:\/\/bakuchem.az\/wp-content\/uploads\/2025\/12\/30a9c8b5da76e24d5ce2f5dd5dcdc58e9cf1b6df.webp 512w, https:\/\/bakuchem.az\/wp-content\/uploads\/2025\/12\/30a9c8b5da76e24d5ce2f5dd5dcdc58e9cf1b6df-300x300.webp 300w, https:\/\/bakuchem.az\/wp-content\/uploads\/2025\/12\/30a9c8b5da76e24d5ce2f5dd5dcdc58e9cf1b6df-150x150.webp 150w\" sizes=\"(max-width: 512px) 100vw, 512px\" \/><\/figure><div class=\"elementor-image-box-content\"><h3 class=\"elementor-image-box-title\">+994 77 640 40 62<\/h3><\/div><\/div>\t\t\t\t<\/div>\n\t\t\t\t<div class=\"elementor-element elementor-element-40429e1 elementor-position-left elementor-position-top elementor-vertical-align-middle elementor-widget elementor-widget-image-box\" data-id=\"40429e1\" data-element_type=\"widget\" data-widget_type=\"image-box.default\">\n\t\t\t\t\t<div class=\"elementor-image-box-wrapper\"><figure class=\"elementor-image-box-img\"><img loading=\"lazy\" decoding=\"async\" width=\"512\" height=\"512\" src=\"https:\/\/bakuchem.az\/wp-content\/uploads\/2025\/12\/9f76a4944c50412b7f9814bd9c25885a3c5b8b1c.webp\" class=\"attachment-full size-full wp-image-436\" alt=\"\" srcset=\"https:\/\/bakuchem.az\/wp-content\/uploads\/2025\/12\/9f76a4944c50412b7f9814bd9c25885a3c5b8b1c.webp 512w, https:\/\/bakuchem.az\/wp-content\/uploads\/2025\/12\/9f76a4944c50412b7f9814bd9c25885a3c5b8b1c-300x300.webp 300w, https:\/\/bakuchem.az\/wp-content\/uploads\/2025\/12\/9f76a4944c50412b7f9814bd9c25885a3c5b8b1c-150x150.webp 150w\" sizes=\"(max-width: 512px) 100vw, 512px\" \/><\/figure><div class=\"elementor-image-box-content\"><h3 class=\"elementor-image-box-title\">WhatsApp-da yaz\u0131\u015fmaya ba\u015flay\u0131n<\/h3><\/div><\/div>\t\t\t\t<\/div>\n\t\t\t\t<\/div>\n\t\t<div class=\"elementor-element elementor-element-df3065f e-con-full e-flex wpr-particle-no wpr-jarallax-no wpr-parallax-no wpr-sticky-section-no e-con e-child\" data-id=\"df3065f\" data-element_type=\"container\">\n\t\t\t\t<div class=\"elementor-element elementor-element-570dcac elementor-widget elementor-widget-image\" data-id=\"570dcac\" data-element_type=\"widget\" data-widget_type=\"image.default\">\n\t\t\t\t\t\t\t\t\t\t\t\t\t\t\t<img loading=\"lazy\" decoding=\"async\" width=\"572\" height=\"569\" src=\"https:\/\/bakuchem.az\/wp-content\/uploads\/2025\/12\/edef77636c224f2592feb9b8f240c2b4b35010f6.webp\" class=\"attachment-large size-large wp-image-65\" alt=\"\" srcset=\"https:\/\/bakuchem.az\/wp-content\/uploads\/2025\/12\/edef77636c224f2592feb9b8f240c2b4b35010f6.webp 572w, https:\/\/bakuchem.az\/wp-content\/uploads\/2025\/12\/edef77636c224f2592feb9b8f240c2b4b35010f6-300x298.webp 300w, https:\/\/bakuchem.az\/wp-content\/uploads\/2025\/12\/edef77636c224f2592feb9b8f240c2b4b35010f6-150x150.webp 150w\" sizes=\"(max-width: 572px) 100vw, 572px\" \/>\t\t\t\t\t\t\t\t\t\t\t\t\t\t\t<\/div>\n\t\t\t\t<div class=\"elementor-element elementor-element-8a7b9ca elementor-widget elementor-widget-heading\" data-id=\"8a7b9ca\" data-element_type=\"widget\" data-widget_type=\"heading.default\">\n\t\t\t\t\t<h2 class=\"elementor-heading-title elementor-size-default\">WhatsApp \u00fc\u00e7\u00fcn QR<\/h2>\t\t\t\t<\/div>\n\t\t\t\t<\/div>\n\t\t\t\t<\/div>\n\t\t\t\t\t<\/div>\n\t\t\t\t<\/div>\n\t\t\t\t<\/div>","protected":false},"excerpt":{"rendered":"<p>Get in Touch with BakuChem Have questions or need assistance? Our team is ready to help. Contact us via phone, email, or visit our office in Baku How to Reach Us info@bakuchem.az +994 77 640 40 62 Start Chat on WhatsApp QR on WhatsApp<\/p>","protected":false},"author":1,"featured_media":0,"parent":0,"menu_order":0,"comment_status":"closed","ping_status":"closed","template":"","meta":{"site-sidebar-layout":"no-sidebar","site-content-layout":"","ast-site-content-layout":"full-width-container","site-content-style":"default","site-sidebar-style":"default","ast-global-header-display":"","ast-banner-title-visibility":"","ast-main-header-display":"","ast-hfb-above-header-display":"","ast-hfb-below-header-display":"","ast-hfb-mobile-header-display":"","site-post-title":"disabled","ast-breadcrumbs-content":"","ast-featured-img":"","footer-sml-layout":"","ast-disable-related-posts":"","theme-transparent-header-meta":"default","adv-header-id-meta":"","stick-header-meta":"","header-above-stick-meta":"","header-main-stick-meta":"","header-below-stick-meta":"","astra-migrate-meta-layouts":"set","ast-page-background-enabled":"default","ast-page-background-meta":{"desktop":{"background-color":"var(--ast-global-color-5)","background-image":"","background-repeat":"repeat","background-position":"center center","background-size":"auto","background-attachment":"scroll","background-type":"","background-media":"","overlay-type":"","overlay-color":"","overlay-opacity":"","overlay-gradient":""},"tablet":{"background-color":"","background-image":"","background-repeat":"repeat","background-position":"center center","background-size":"auto","background-attachment":"scroll","background-type":"","background-media":"","overlay-type":"","overlay-color":"","overlay-opacity":"","overlay-gradient":""},"mobile":{"background-color":"","background-image":"","background-repeat":"repeat","background-position":"center center","background-size":"auto","background-attachment":"scroll","background-type":"","background-media":"","overlay-type":"","overlay-color":"","overlay-opacity":"","overlay-gradient":""}},"ast-content-background-meta":{"desktop":{"background-color":"var(--ast-global-color-4)","background-image":"","background-repeat":"repeat","background-position":"center center","background-size":"auto","background-attachment":"scroll","background-type":"","background-media":"","overlay-type":"","overlay-color":"","overlay-opacity":"","overlay-gradient":""},"tablet":{"background-color":"var(--ast-global-color-4)","background-image":"","background-repeat":"repeat","background-position":"center center","background-size":"auto","background-attachment":"scroll","background-type":"","background-media":"","overlay-type":"","overlay-color":"","overlay-opacity":"","overlay-gradient":""},"mobile":{"background-color":"var(--ast-global-color-4)","background-image":"","background-repeat":"repeat","background-position":"center center","background-size":"auto","background-attachment":"scroll","background-type":"","background-media":"","overlay-type":"","overlay-color":"","overlay-opacity":"","overlay-gradient":""}},"footnotes":""},"class_list":["post-16","page","type-page","status-publish","hentry"],"_links":{"self":[{"href":"https:\/\/bakuchem.az\/az\/wp-json\/wp\/v2\/pages\/16","targetHints":{"allow":["GET"]}}],"collection":[{"href":"https:\/\/bakuchem.az\/az\/wp-json\/wp\/v2\/pages"}],"about":[{"href":"https:\/\/bakuchem.az\/az\/wp-json\/wp\/v2\/types\/page"}],"author":[{"embeddable":true,"href":"https:\/\/bakuchem.az\/az\/wp-json\/wp\/v2\/users\/1"}],"replies":[{"embeddable":true,"href":"https:\/\/bakuchem.az\/az\/wp-json\/wp\/v2\/comments?post=16"}],"version-history":[{"count":46,"href":"https:\/\/bakuchem.az\/az\/wp-json\/wp\/v2\/pages\/16\/revisions"}],"predecessor-version":[{"id":825,"href":"https:\/\/bakuchem.az\/az\/wp-json\/wp\/v2\/pages\/16\/revisions\/825"}],"wp:attachment":[{"href":"https:\/\/bakuchem.az\/az\/wp-json\/wp\/v2\/media?parent=16"}],"curies":[{"name":"wp","href":"https:\/\/api.w.org\/{rel}","templated":true}]}}