{"id":10,"date":"2025-12-18T16:04:54","date_gmt":"2025-12-18T16:04:54","guid":{"rendered":"https:\/\/bakuchem.az\/?page_id=10"},"modified":"2025-12-25T19:05:08","modified_gmt":"2025-12-25T19:05:08","slug":"about-us","status":"publish","type":"page","link":"https:\/\/bakuchem.az\/az\/about-us\/","title":{"rendered":"Haqq\u0131m\u0131zda"},"content":{"rendered":"<div data-elementor-type=\"wp-page\" data-elementor-id=\"10\" class=\"elementor elementor-10\">\n\t\t\t\t<div class=\"elementor-element elementor-element-2bf230a e-flex e-con-boxed wpr-particle-no wpr-jarallax-no wpr-parallax-no wpr-sticky-section-no e-con e-parent\" data-id=\"2bf230a\" data-element_type=\"container\" data-settings=\"{&quot;background_background&quot;:&quot;gradient&quot;}\">\n\t\t\t\t\t<div class=\"e-con-inner\">\n\t\t<div class=\"elementor-element elementor-element-ef0ddc2 e-con-full e-flex wpr-particle-no wpr-jarallax-no wpr-parallax-no wpr-sticky-section-no e-con e-child\" data-id=\"ef0ddc2\" data-element_type=\"container\">\n\t\t\t\t<div class=\"elementor-element elementor-element-19a5e9b elementor-widget elementor-widget-heading\" data-id=\"19a5e9b\" data-element_type=\"widget\" data-widget_type=\"heading.default\">\n\t\t\t\t\t<h2 class=\"elementor-heading-title elementor-size-default\">BakuChem haqq\u0131nda:\nKimy\u0259vi T\u0259chizatda \u0130nnovasiya v\u0259 Etibarl\u0131l\u0131q<\/h2>\t\t\t\t<\/div>\n\t\t\t\t<div class=\"elementor-element elementor-element-f002a60 elementor-widget elementor-widget-text-editor\" data-id=\"f002a60\" data-element_type=\"widget\" data-widget_type=\"text-editor.default\">\n\t\t\t\t\t\t\t\t\tXammal t\u0259dar\u00fck\u00fcnd\u0259n saxlama v\u0259 \u00e7atd\u0131r\u0131lmaya q\u0259d\u0259r \u2013 biz kimy\u0259vi t\u0259chizat z\u0259ncirinin b\u00fct\u00fcn m\u0259rh\u0259l\u0259l\u0259rini s\u0259m\u0259r\u0259lilik, keyfiyy\u0259t v\u0259 etibarl\u0131l\u0131qla t\u0259min edirik.\t\t\t\t\t\t\t\t<\/div>\n\t\t\t\t<\/div>\n\t\t<div class=\"elementor-element elementor-element-f4a7b63 e-con-full e-flex wpr-particle-no wpr-jarallax-no wpr-parallax-no wpr-sticky-section-no e-con e-child\" data-id=\"f4a7b63\" data-element_type=\"container\">\n\t\t\t\t<div class=\"elementor-element elementor-element-8260d70 elementor-widget elementor-widget-image\" data-id=\"8260d70\" data-element_type=\"widget\" data-widget_type=\"image.default\">\n\t\t\t\t\t\t\t\t\t\t\t\t\t\t\t<img fetchpriority=\"high\" decoding=\"async\" width=\"512\" height=\"512\" src=\"https:\/\/bakuchem.az\/wp-content\/uploads\/2025\/12\/7af5a7c002ac5ebae3d408b52defb14e6cca3ea1.webp\" class=\"attachment-large size-large wp-image-53\" alt=\"\" srcset=\"https:\/\/bakuchem.az\/wp-content\/uploads\/2025\/12\/7af5a7c002ac5ebae3d408b52defb14e6cca3ea1.webp 512w, https:\/\/bakuchem.az\/wp-content\/uploads\/2025\/12\/7af5a7c002ac5ebae3d408b52defb14e6cca3ea1-300x300.webp 300w, https:\/\/bakuchem.az\/wp-content\/uploads\/2025\/12\/7af5a7c002ac5ebae3d408b52defb14e6cca3ea1-150x150.webp 150w\" sizes=\"(max-width: 512px) 100vw, 512px\" \/>\t\t\t\t\t\t\t\t\t\t\t\t\t\t\t<\/div>\n\t\t\t\t<\/div>\n\t\t\t\t\t<\/div>\n\t\t\t\t<\/div>\n\t\t<div class=\"elementor-element elementor-element-37c1ca7 e-flex e-con-boxed wpr-particle-no wpr-jarallax-no wpr-parallax-no wpr-sticky-section-no e-con e-parent\" data-id=\"37c1ca7\" data-element_type=\"container\">\n\t\t\t\t\t<div class=\"e-con-inner\">\n\t\t<div class=\"elementor-element elementor-element-f13ad44 e-con-full e-flex wpr-particle-no wpr-jarallax-no wpr-parallax-no wpr-sticky-section-no e-con e-child\" data-id=\"f13ad44\" data-element_type=\"container\">\n\t\t\t\t<div class=\"elementor-element elementor-element-6e6aab6 elementor-widget elementor-widget-image\" data-id=\"6e6aab6\" data-element_type=\"widget\" data-widget_type=\"image.default\">\n\t\t\t\t\t\t\t\t\t\t\t\t\t\t\t<img decoding=\"async\" width=\"1024\" height=\"853\" src=\"https:\/\/bakuchem.az\/wp-content\/uploads\/2025\/12\/946d4e40dc8ca51fb59c2e4aa77fa486cfa3b1b1-1024x853.webp\" class=\"attachment-large size-large wp-image-49\" alt=\"\" srcset=\"https:\/\/bakuchem.az\/wp-content\/uploads\/2025\/12\/946d4e40dc8ca51fb59c2e4aa77fa486cfa3b1b1-1024x853.webp 1024w, https:\/\/bakuchem.az\/wp-content\/uploads\/2025\/12\/946d4e40dc8ca51fb59c2e4aa77fa486cfa3b1b1-300x250.webp 300w, https:\/\/bakuchem.az\/wp-content\/uploads\/2025\/12\/946d4e40dc8ca51fb59c2e4aa77fa486cfa3b1b1-768x640.webp 768w, https:\/\/bakuchem.az\/wp-content\/uploads\/2025\/12\/946d4e40dc8ca51fb59c2e4aa77fa486cfa3b1b1.webp 1080w\" sizes=\"(max-width: 1024px) 100vw, 1024px\" \/>\t\t\t\t\t\t\t\t\t\t\t\t\t\t\t<\/div>\n\t\t\t\t<div class=\"elementor-element elementor-element-877259c elementor-widget elementor-widget-heading\" data-id=\"877259c\" data-element_type=\"widget\" data-widget_type=\"heading.default\">\n\t\t\t\t\t<h2 class=\"elementor-heading-title elementor-size-default\">Keyfiyy\u0259t \u00f6nc\u0259liyimiz, innovasiya g\u00fcc\u00fcm\u00fczd\u00fcr<\/h2>\t\t\t\t<\/div>\n\t\t\t\t<\/div>\n\t\t<div class=\"elementor-element elementor-element-7a9eb4a e-con-full e-flex wpr-particle-no wpr-jarallax-no wpr-parallax-no wpr-sticky-section-no e-con e-child\" data-id=\"7a9eb4a\" data-element_type=\"container\">\n\t\t\t\t<div class=\"elementor-element elementor-element-77b9efb wpr-dual-heading-default elementor-widget elementor-widget-wpr-dual-color-heading\" data-id=\"77b9efb\" data-element_type=\"widget\" data-widget_type=\"wpr-dual-color-heading.default\">\n\t\t\t\t\t\t\t\t<div class=\"wpr-dual-heading-wrap\">\n\t\t\t\t<div class=\"wpr-dual-title-wrap\">\n\t\t\t\t\t<h2 class=\"wpr-dual-title\">\n\t\t\t\t\t\t\t\t\t\t\t<span class=\"first\">Biz kimik \u2013 Kimy\u0259vi T\u0259chizatda <\/span>\n\t\t\t\t\t\t\t\t\t\t\n\t\t\t\t\t\t\t\t\t\t\t<span class=\"second\">Keyfiyy\u0259t v\u0259 \u0130nnovasiyan\u0131n T\u0259minat\u00e7\u0131s\u0131<\/span>\n\t\t\t\t\t\t\t\t\t\t<\/h2>\n\t\t\t\t<\/div>\n\t\t\t\t\n\t\t\t\t\n\t\t\t\t\t\t\t\t\t<div class=\"wpr-dual-heading-icon-wrap\">\n\t\t\t\t\t\t\t\t\t\t\t<\/div>\n\t\t\t\t\n\t\t\t<\/div>\n\t\t\t\t\t\t<\/div>\n\t\t\t\t<div class=\"elementor-element elementor-element-2b0cde4 elementor-widget elementor-widget-text-editor\" data-id=\"2b0cde4\" data-element_type=\"widget\" data-widget_type=\"text-editor.default\">\n\t\t\t\t\t\t\t\t\t<p>BakuChem-\u0259 xo\u015f g\u0259lmisiniz!\u2028Biz s\u0259naye v\u0259 qida kimy\u0259vil\u0259rinin etibarl\u0131 t\u0259chizat\u00e7\u0131s\u0131y\u0131q, istehsal, istehlak v\u0259 dig\u0259r sah\u0259l\u0259r \u00fc\u00e7\u00fcn y\u00fcks\u0259k keyfiyy\u0259tli h\u0259ll\u0259r t\u0259qdim edirik.\u2028M\u00fct\u0259x\u0259ssis komandam\u0131z sabit t\u0259chizat z\u0259nciri v\u0259 beyn\u0259lxalq standartlara uy\u011funluq t\u0259min edir.<\/p><p>BakuChem-d\u0259 missiyam\u0131z sad\u0259dir \u2014 etibarl\u0131, t\u0259hl\u00fck\u0259siz v\u0259 innovativ kimy\u0259vi h\u0259ll\u0259ri biznes ehtiyaclar\u0131n\u0131za uy\u011fun \u015f\u0259kild\u0259 t\u0259qdim etm\u0259k.\u2028Biz keyfiyy\u0259t, s\u0259m\u0259r\u0259lilik v\u0259 uzunm\u00fcdd\u0259tli \u0259m\u0259kda\u015fl\u0131q \u00fcz\u0259rind\u0259 fokuslanaraq s\u0259nayel\u0259rin inki\u015faf\u0131na d\u0259st\u0259k oluruq.<\/p>\t\t\t\t\t\t\t\t<\/div>\n\t\t\t\t<\/div>\n\t\t\t\t\t<\/div>\n\t\t\t\t<\/div>\n\t\t<div class=\"elementor-element elementor-element-310158a e-flex e-con-boxed wpr-particle-no wpr-jarallax-no wpr-parallax-no wpr-sticky-section-no e-con e-parent\" data-id=\"310158a\" data-element_type=\"container\">\n\t\t\t\t\t<div class=\"e-con-inner\">\n\t\t\t\t<div class=\"elementor-element elementor-element-f1ad7eb wpr-dual-heading-default elementor-widget__width-inherit elementor-widget elementor-widget-wpr-dual-color-heading\" data-id=\"f1ad7eb\" data-element_type=\"widget\" data-widget_type=\"wpr-dual-color-heading.default\">\n\t\t\t\t\t\t\t\t<div class=\"wpr-dual-heading-wrap\">\n\t\t\t\t<div class=\"wpr-dual-title-wrap\">\n\t\t\t\t\t<h2 class=\"wpr-dual-title\">\n\t\t\t\t\t\t\t\t\t\t\t<span class=\"first\">Missiyam\u0131z <\/span>\n\t\t\t\t\t\t\t\t\t\t\n\t\t\t\t\t\t\t\t\t\t\t<span class=\"second\">v\u0259 D\u0259y\u0259rl\u0259rimiz<\/span>\n\t\t\t\t\t\t\t\t\t\t<\/h2>\n\t\t\t\t<\/div>\n\t\t\t\t\n\t\t\t\t\n\t\t\t\t\t\t\t\t\t<div class=\"wpr-dual-heading-icon-wrap\">\n\t\t\t\t\t\t\t\t\t\t\t<\/div>\n\t\t\t\t\n\t\t\t<\/div>\n\t\t\t\t\t\t<\/div>\n\t\t<div class=\"elementor-element elementor-element-3ead63a e-con-full e-flex wpr-particle-no wpr-jarallax-no wpr-parallax-no wpr-sticky-section-no e-con e-child\" data-id=\"3ead63a\" data-element_type=\"container\">\n\t\t<div class=\"elementor-element elementor-element-a84230a e-con-full e-flex wpr-particle-no wpr-jarallax-no wpr-parallax-no wpr-sticky-section-no e-con e-child\" data-id=\"a84230a\" data-element_type=\"container\" data-settings=\"{&quot;background_background&quot;:&quot;classic&quot;}\">\n\t\t\t\t<div class=\"elementor-element elementor-element-5a0a0d0 elementor-position-top elementor-widget elementor-widget-image-box\" data-id=\"5a0a0d0\" data-element_type=\"widget\" data-widget_type=\"image-box.default\">\n\t\t\t\t\t<div class=\"elementor-image-box-wrapper\"><figure class=\"elementor-image-box-img\"><img decoding=\"async\" width=\"512\" height=\"512\" src=\"https:\/\/bakuchem.az\/wp-content\/uploads\/2025\/12\/6fb61729c4fa1d13c9cd23c9752592c959304af5.webp\" class=\"attachment-full size-full wp-image-64\" alt=\"\" srcset=\"https:\/\/bakuchem.az\/wp-content\/uploads\/2025\/12\/6fb61729c4fa1d13c9cd23c9752592c959304af5.webp 512w, https:\/\/bakuchem.az\/wp-content\/uploads\/2025\/12\/6fb61729c4fa1d13c9cd23c9752592c959304af5-300x300.webp 300w, https:\/\/bakuchem.az\/wp-content\/uploads\/2025\/12\/6fb61729c4fa1d13c9cd23c9752592c959304af5-150x150.webp 150w\" sizes=\"(max-width: 512px) 100vw, 512px\" \/><\/figure><div class=\"elementor-image-box-content\"><p class=\"elementor-image-box-description\">Biz qabaqc\u0131l texnologiyalar\u0131 t\u0259tbiq ed\u0259r\u0259k s\u0259naye \u00fc\u00e7\u00fcn innovativ kimy\u0259vi h\u0259ll\u0259r t\u0259qdim edirik.<\/p><\/div><\/div>\t\t\t\t<\/div>\n\t\t\t\t<\/div>\n\t\t<div class=\"elementor-element elementor-element-82bc044 e-con-full e-flex wpr-particle-no wpr-jarallax-no wpr-parallax-no wpr-sticky-section-no e-con e-child\" data-id=\"82bc044\" data-element_type=\"container\" data-settings=\"{&quot;background_background&quot;:&quot;classic&quot;}\">\n\t\t\t\t<div class=\"elementor-element elementor-element-92bfb8a elementor-position-top elementor-widget elementor-widget-image-box\" data-id=\"92bfb8a\" data-element_type=\"widget\" data-widget_type=\"image-box.default\">\n\t\t\t\t\t<div class=\"elementor-image-box-wrapper\"><figure class=\"elementor-image-box-img\"><img loading=\"lazy\" decoding=\"async\" width=\"512\" height=\"512\" src=\"https:\/\/bakuchem.az\/wp-content\/uploads\/2025\/12\/e497b626bff1511511467067538bedc9c3fd0462.webp\" class=\"attachment-full size-full wp-image-63\" alt=\"\" srcset=\"https:\/\/bakuchem.az\/wp-content\/uploads\/2025\/12\/e497b626bff1511511467067538bedc9c3fd0462.webp 512w, https:\/\/bakuchem.az\/wp-content\/uploads\/2025\/12\/e497b626bff1511511467067538bedc9c3fd0462-300x300.webp 300w, https:\/\/bakuchem.az\/wp-content\/uploads\/2025\/12\/e497b626bff1511511467067538bedc9c3fd0462-150x150.webp 150w\" sizes=\"(max-width: 512px) 100vw, 512px\" \/><\/figure><div class=\"elementor-image-box-content\"><p class=\"elementor-image-box-description\">H\u0259r bir m\u0259hsulumuz beyn\u0259lxalq standartlara uy\u011fun keyfiyy\u0259t\u0259 malikdir.<\/p><\/div><\/div>\t\t\t\t<\/div>\n\t\t\t\t<\/div>\n\t\t<div class=\"elementor-element elementor-element-f40fff8 e-con-full e-flex wpr-particle-no wpr-jarallax-no wpr-parallax-no wpr-sticky-section-no e-con e-child\" data-id=\"f40fff8\" data-element_type=\"container\" data-settings=\"{&quot;background_background&quot;:&quot;classic&quot;}\">\n\t\t\t\t<div class=\"elementor-element elementor-element-9bc5388 elementor-position-top elementor-widget elementor-widget-image-box\" data-id=\"9bc5388\" data-element_type=\"widget\" data-widget_type=\"image-box.default\">\n\t\t\t\t\t<div class=\"elementor-image-box-wrapper\"><figure class=\"elementor-image-box-img\"><img loading=\"lazy\" decoding=\"async\" width=\"512\" height=\"512\" src=\"https:\/\/bakuchem.az\/wp-content\/uploads\/2025\/12\/3267af445aa18abefd3f5e2c42fd3b9cfbc8f849.webp\" class=\"attachment-full size-full wp-image-62\" alt=\"\" srcset=\"https:\/\/bakuchem.az\/wp-content\/uploads\/2025\/12\/3267af445aa18abefd3f5e2c42fd3b9cfbc8f849.webp 512w, https:\/\/bakuchem.az\/wp-content\/uploads\/2025\/12\/3267af445aa18abefd3f5e2c42fd3b9cfbc8f849-300x300.webp 300w, https:\/\/bakuchem.az\/wp-content\/uploads\/2025\/12\/3267af445aa18abefd3f5e2c42fd3b9cfbc8f849-150x150.webp 150w\" sizes=\"(max-width: 512px) 100vw, 512px\" \/><\/figure><div class=\"elementor-image-box-content\"><p class=\"elementor-image-box-description\">M\u00fc\u015ft\u0259ril\u0259rimizin ehtiyaclar\u0131n\u0131 v\u0259 t\u0259hl\u00fck\u0259sizlik qaydalar\u0131n\u0131 n\u0259z\u0259r\u0259 alaraq davaml\u0131 f\u0259aliyy\u0259t g\u00f6st\u0259ririk.<\/p><\/div><\/div>\t\t\t\t<\/div>\n\t\t\t\t<\/div>\n\t\t<div class=\"elementor-element elementor-element-bfa436f e-con-full e-flex wpr-particle-no wpr-jarallax-no wpr-parallax-no wpr-sticky-section-no e-con e-child\" data-id=\"bfa436f\" data-element_type=\"container\" data-settings=\"{&quot;background_background&quot;:&quot;classic&quot;}\">\n\t\t\t\t<div class=\"elementor-element elementor-element-9ec56f8 elementor-position-top elementor-widget elementor-widget-image-box\" data-id=\"9ec56f8\" data-element_type=\"widget\" data-widget_type=\"image-box.default\">\n\t\t\t\t\t<div class=\"elementor-image-box-wrapper\"><figure class=\"elementor-image-box-img\"><img loading=\"lazy\" decoding=\"async\" width=\"512\" height=\"512\" src=\"https:\/\/bakuchem.az\/wp-content\/uploads\/2025\/12\/f620143f05c70337465bf5c734f78fd10b82904e.webp\" class=\"attachment-full size-full wp-image-61\" alt=\"\" srcset=\"https:\/\/bakuchem.az\/wp-content\/uploads\/2025\/12\/f620143f05c70337465bf5c734f78fd10b82904e.webp 512w, https:\/\/bakuchem.az\/wp-content\/uploads\/2025\/12\/f620143f05c70337465bf5c734f78fd10b82904e-300x300.webp 300w, https:\/\/bakuchem.az\/wp-content\/uploads\/2025\/12\/f620143f05c70337465bf5c734f78fd10b82904e-150x150.webp 150w\" sizes=\"(max-width: 512px) 100vw, 512px\" \/><\/figure><div class=\"elementor-image-box-content\"><p class=\"elementor-image-box-description\">Bizim yana\u015fmam\u0131z m\u0259suliyy\u0259tli v\u0259 etibarl\u0131 \u0259m\u0259kda\u015fl\u0131\u011fa \u0259saslan\u0131r.<\/p><\/div><\/div>\t\t\t\t<\/div>\n\t\t\t\t<\/div>\n\t\t\t\t<\/div>\n\t\t\t\t\t<\/div>\n\t\t\t\t<\/div>\n\t\t<div class=\"elementor-element elementor-element-112e6b4 e-flex e-con-boxed wpr-particle-no wpr-jarallax-no wpr-parallax-no wpr-sticky-section-no e-con e-parent\" data-id=\"112e6b4\" data-element_type=\"container\">\n\t\t\t\t\t<div class=\"e-con-inner\">\n\t\t\t\t<div class=\"elementor-element elementor-element-ec3441b elementor-widget elementor-widget-heading\" data-id=\"ec3441b\" data-element_type=\"widget\" data-widget_type=\"heading.default\">\n\t\t\t\t\t<h2 class=\"elementor-heading-title elementor-size-default\">Prosesimiz<\/h2>\t\t\t\t<\/div>\n\t\t<div class=\"elementor-element elementor-element-1a8ef4c e-con-full e-flex wpr-particle-no wpr-jarallax-no wpr-parallax-no wpr-sticky-section-no e-con e-child\" data-id=\"1a8ef4c\" data-element_type=\"container\">\n\t\t<div class=\"elementor-element elementor-element-e401612 e-con-full e-flex wpr-particle-no wpr-jarallax-no wpr-parallax-no wpr-sticky-section-no e-con e-child\" data-id=\"e401612\" data-element_type=\"container\" data-settings=\"{&quot;background_background&quot;:&quot;classic&quot;}\">\n\t\t\t\t<div class=\"elementor-element elementor-element-cf807c1 elementor-widget elementor-widget-heading\" data-id=\"cf807c1\" data-element_type=\"widget\" data-widget_type=\"heading.default\">\n\t\t\t\t\t<h2 class=\"elementor-heading-title elementor-size-default\">01<\/h2>\t\t\t\t<\/div>\n\t\t\t\t<div class=\"elementor-element elementor-element-e0c8ec3 elementor-position-right elementor-position-right elementor-vertical-align-middle elementor-vertical-align-top elementor-widget elementor-widget-image-box\" data-id=\"e0c8ec3\" data-element_type=\"widget\" data-widget_type=\"image-box.default\">\n\t\t\t\t\t<div class=\"elementor-image-box-wrapper\"><figure class=\"elementor-image-box-img\"><img loading=\"lazy\" decoding=\"async\" width=\"512\" height=\"512\" src=\"https:\/\/bakuchem.az\/wp-content\/uploads\/2025\/12\/d03db8d68a977f4749e445234911692770b3d950.webp\" class=\"attachment-full size-full wp-image-60\" alt=\"\" srcset=\"https:\/\/bakuchem.az\/wp-content\/uploads\/2025\/12\/d03db8d68a977f4749e445234911692770b3d950.webp 512w, https:\/\/bakuchem.az\/wp-content\/uploads\/2025\/12\/d03db8d68a977f4749e445234911692770b3d950-300x300.webp 300w, https:\/\/bakuchem.az\/wp-content\/uploads\/2025\/12\/d03db8d68a977f4749e445234911692770b3d950-150x150.webp 150w\" sizes=\"(max-width: 512px) 100vw, 512px\" \/><\/figure><div class=\"elementor-image-box-content\"><h3 class=\"elementor-image-box-title\">Problemin T\u0259hlili<\/h3><p class=\"elementor-image-box-description\">Sizin ehtiyaclar\u0131n\u0131z\u0131 v\u0259 \u00e7\u0259tinlikl\u0259rinizi ara\u015fd\u0131raraq f\u0259rdi h\u0259ll\u0259r haz\u0131rlay\u0131r\u0131q.<\/p><\/div><\/div>\t\t\t\t<\/div>\n\t\t\t\t<\/div>\n\t\t<div class=\"elementor-element elementor-element-8bdd1b1 e-con-full e-flex wpr-particle-no wpr-jarallax-no wpr-parallax-no wpr-sticky-section-no e-con e-child\" data-id=\"8bdd1b1\" data-element_type=\"container\" data-settings=\"{&quot;background_background&quot;:&quot;classic&quot;}\">\n\t\t\t\t<div class=\"elementor-element elementor-element-117e1e4 elementor-widget elementor-widget-heading\" data-id=\"117e1e4\" data-element_type=\"widget\" data-widget_type=\"heading.default\">\n\t\t\t\t\t<h2 class=\"elementor-heading-title elementor-size-default\">02<\/h2>\t\t\t\t<\/div>\n\t\t\t\t<div class=\"elementor-element elementor-element-b64fd1b elementor-position-right elementor-vertical-align-top elementor-widget elementor-widget-image-box\" data-id=\"b64fd1b\" data-element_type=\"widget\" data-widget_type=\"image-box.default\">\n\t\t\t\t\t<div class=\"elementor-image-box-wrapper\"><figure class=\"elementor-image-box-img\"><img loading=\"lazy\" decoding=\"async\" width=\"512\" height=\"512\" src=\"https:\/\/bakuchem.az\/wp-content\/uploads\/2025\/12\/7db8bdb577fbf342d1e15baedda26fff6413cb54.webp\" class=\"attachment-full size-full wp-image-59\" alt=\"\" srcset=\"https:\/\/bakuchem.az\/wp-content\/uploads\/2025\/12\/7db8bdb577fbf342d1e15baedda26fff6413cb54.webp 512w, https:\/\/bakuchem.az\/wp-content\/uploads\/2025\/12\/7db8bdb577fbf342d1e15baedda26fff6413cb54-300x300.webp 300w, https:\/\/bakuchem.az\/wp-content\/uploads\/2025\/12\/7db8bdb577fbf342d1e15baedda26fff6413cb54-150x150.webp 150w\" sizes=\"(max-width: 512px) 100vw, 512px\" \/><\/figure><div class=\"elementor-image-box-content\"><h3 class=\"elementor-image-box-title\">F\u0259rdi H\u0259ll\u0259r<\/h3><p class=\"elementor-image-box-description\">Biznesinizin t\u0259l\u0259bl\u0259rin\u0259 uy\u011fun kimy\u0259vi t\u0259rkibli m\u0259hsullar t\u0259klif edirik.<\/p><\/div><\/div>\t\t\t\t<\/div>\n\t\t\t\t<\/div>\n\t\t<div class=\"elementor-element elementor-element-b944790 e-con-full e-flex wpr-particle-no wpr-jarallax-no wpr-parallax-no wpr-sticky-section-no e-con e-child\" data-id=\"b944790\" data-element_type=\"container\" data-settings=\"{&quot;background_background&quot;:&quot;classic&quot;}\">\n\t\t\t\t<div class=\"elementor-element elementor-element-6e06d0c elementor-widget elementor-widget-heading\" data-id=\"6e06d0c\" data-element_type=\"widget\" data-widget_type=\"heading.default\">\n\t\t\t\t\t<h2 class=\"elementor-heading-title elementor-size-default\">03<\/h2>\t\t\t\t<\/div>\n\t\t\t\t<div class=\"elementor-element elementor-element-3cc5186 elementor-position-right elementor-vertical-align-top elementor-widget elementor-widget-image-box\" data-id=\"3cc5186\" data-element_type=\"widget\" data-widget_type=\"image-box.default\">\n\t\t\t\t\t<div class=\"elementor-image-box-wrapper\"><figure class=\"elementor-image-box-img\"><img loading=\"lazy\" decoding=\"async\" width=\"512\" height=\"512\" src=\"https:\/\/bakuchem.az\/wp-content\/uploads\/2025\/12\/3151dd091bf488f5e2c2ac4e596dadae88832186.webp\" class=\"attachment-full size-full wp-image-58\" alt=\"\" srcset=\"https:\/\/bakuchem.az\/wp-content\/uploads\/2025\/12\/3151dd091bf488f5e2c2ac4e596dadae88832186.webp 512w, https:\/\/bakuchem.az\/wp-content\/uploads\/2025\/12\/3151dd091bf488f5e2c2ac4e596dadae88832186-300x300.webp 300w, https:\/\/bakuchem.az\/wp-content\/uploads\/2025\/12\/3151dd091bf488f5e2c2ac4e596dadae88832186-150x150.webp 150w\" sizes=\"(max-width: 512px) 100vw, 512px\" \/><\/figure><div class=\"elementor-image-box-content\"><h3 class=\"elementor-image-box-title\">Etibarl\u0131 \u00c7atd\u0131r\u0131lma<\/h3><p class=\"elementor-image-box-description\">T\u0259l\u0259bl\u0259rinizi \u00f6d\u0259m\u0259k \u00fc\u00e7\u00fcn vaxt\u0131nda v\u0259 davaml\u0131 t\u0259chizat\u0131 t\u0259min edirik.<\/p><\/div><\/div>\t\t\t\t<\/div>\n\t\t\t\t<\/div>\n\t\t\t\t<\/div>\n\t\t\t\t\t<\/div>\n\t\t\t\t<\/div>\n\t\t\t\t<\/div>","protected":false},"excerpt":{"rendered":"<p>About BakuChem: Innovation and Reliability in Chemical Supply From sourcing to storage and delivery, we cover the full chemical supply chain with efficiency, quality, and trust Quality is our priority, innovation is our drive Who We Are \u2013 Delivering Quality and Innovation in Chemical Supply Welcome to BakuChem! We are a trusted supplier of industrial and food chemicals, providing high-quality solutions for manufacturing, production, and other industries. Our expertise ensures stable supply chains and compliance with international standards. At BakuChem, our mission is simple: to deliver reliable, safe, and innovative chemical solutions tailored to your business needs. We focus on quality, efficiency, and long-term partnerships to help industries grow and succeed. Our Mission &amp; Values We apply cutting-edge technology to deliver advanced chemical solutions. Every product meets international standards and undergoes strict quality control.\u2028 We ensure every delivery is handled with care. Your chemicals arrive safely and always on time. Our approach supports environmental responsibility and safety. Our Process 01 Problem Analysis We identify key needs and industry-specific challenges to provide tailored solutions. 02 Tailored Solutions We develop customized chemical compositions for your business needs. 03 Reliable Delivery Ensuring timely and consistent supply to meet your demands.<\/p>","protected":false},"author":1,"featured_media":0,"parent":0,"menu_order":0,"comment_status":"closed","ping_status":"closed","template":"","meta":{"site-sidebar-layout":"no-sidebar","site-content-layout":"","ast-site-content-layout":"full-width-container","site-content-style":"default","site-sidebar-style":"default","ast-global-header-display":"","ast-banner-title-visibility":"","ast-main-header-display":"","ast-hfb-above-header-display":"","ast-hfb-below-header-display":"","ast-hfb-mobile-header-display":"","site-post-title":"disabled","ast-breadcrumbs-content":"","ast-featured-img":"","footer-sml-layout":"","ast-disable-related-posts":"","theme-transparent-header-meta":"default","adv-header-id-meta":"","stick-header-meta":"","header-above-stick-meta":"","header-main-stick-meta":"","header-below-stick-meta":"","astra-migrate-meta-layouts":"set","ast-page-background-enabled":"default","ast-page-background-meta":{"desktop":{"background-color":"var(--ast-global-color-5)","background-image":"","background-repeat":"repeat","background-position":"center center","background-size":"auto","background-attachment":"scroll","background-type":"","background-media":"","overlay-type":"","overlay-color":"","overlay-opacity":"","overlay-gradient":""},"tablet":{"background-color":"","background-image":"","background-repeat":"repeat","background-position":"center center","background-size":"auto","background-attachment":"scroll","background-type":"","background-media":"","overlay-type":"","overlay-color":"","overlay-opacity":"","overlay-gradient":""},"mobile":{"background-color":"","background-image":"","background-repeat":"repeat","background-position":"center center","background-size":"auto","background-attachment":"scroll","background-type":"","background-media":"","overlay-type":"","overlay-color":"","overlay-opacity":"","overlay-gradient":""}},"ast-content-background-meta":{"desktop":{"background-color":"var(--ast-global-color-4)","background-image":"","background-repeat":"repeat","background-position":"center center","background-size":"auto","background-attachment":"scroll","background-type":"","background-media":"","overlay-type":"","overlay-color":"","overlay-opacity":"","overlay-gradient":""},"tablet":{"background-color":"var(--ast-global-color-4)","background-image":"","background-repeat":"repeat","background-position":"center center","background-size":"auto","background-attachment":"scroll","background-type":"","background-media":"","overlay-type":"","overlay-color":"","overlay-opacity":"","overlay-gradient":""},"mobile":{"background-color":"var(--ast-global-color-4)","background-image":"","background-repeat":"repeat","background-position":"center center","background-size":"auto","background-attachment":"scroll","background-type":"","background-media":"","overlay-type":"","overlay-color":"","overlay-opacity":"","overlay-gradient":""}},"footnotes":""},"class_list":["post-10","page","type-page","status-publish","hentry"],"_links":{"self":[{"href":"https:\/\/bakuchem.az\/az\/wp-json\/wp\/v2\/pages\/10","targetHints":{"allow":["GET"]}}],"collection":[{"href":"https:\/\/bakuchem.az\/az\/wp-json\/wp\/v2\/pages"}],"about":[{"href":"https:\/\/bakuchem.az\/az\/wp-json\/wp\/v2\/types\/page"}],"author":[{"embeddable":true,"href":"https:\/\/bakuchem.az\/az\/wp-json\/wp\/v2\/users\/1"}],"replies":[{"embeddable":true,"href":"https:\/\/bakuchem.az\/az\/wp-json\/wp\/v2\/comments?post=10"}],"version-history":[{"count":79,"href":"https:\/\/bakuchem.az\/az\/wp-json\/wp\/v2\/pages\/10\/revisions"}],"predecessor-version":[{"id":853,"href":"https:\/\/bakuchem.az\/az\/wp-json\/wp\/v2\/pages\/10\/revisions\/853"}],"wp:attachment":[{"href":"https:\/\/bakuchem.az\/az\/wp-json\/wp\/v2\/media?parent=10"}],"curies":[{"name":"wp","href":"https:\/\/api.w.org\/{rel}","templated":true}]}}